{"id":93,"date":"2023-10-20T18:21:22","date_gmt":"2023-10-20T15:21:22","guid":{"rendered":"http:\/\/dev-mygymbarcelona.local\/es\/?page_id=93"},"modified":"2024-12-10T15:33:44","modified_gmt":"2024-12-10T12:33:44","slug":"politica-de-cookies","status":"publish","type":"page","link":"https:\/\/mygymbarcelona.com\/es\/politica-de-cookies\/","title":{"rendered":"Pol\u00edtica de cookies"},"content":{"rendered":"\n<p><strong>\u00bfQu\u00e9 son las cookies y por qu\u00e9 las utilizamos en el sitio web?<\/strong><\/p>\n\n\n\n<ol class=\"wp-block-list\">\n<li><\/li>\n<\/ol>\n\n\n\n<p>Una cookie es un archivo que se descarga en el dispositivo del usuario para acceder a un determinado sitio web para almacenar y recuperar informaci\u00f3n sobre la navegaci\u00f3n que se hace en el ordenador.<\/p>\n\n\n\n<p>Las cookies permiten a este sitio web, entre otras cosas, almacenar y recuperar informaci\u00f3n sobre las opciones y los h\u00e1bitos del usuario. En este sitio web, las cookies que existen son necesarias para el funcionamiento de este.<\/p>\n\n\n\n<p>Es importante tener en cuenta que el uso de cookies no proporciona datos personales del usuario.<\/p>\n\n\n\n<p><strong>\u00bfQu\u00e9 tipo de cookies existen?<\/strong><\/p>\n\n\n\n<ol start=\"2\" class=\"wp-block-list\">\n<li><\/li>\n<\/ol>\n\n\n\n<p>Las cookies, en funci\u00f3n del tiempo que permanecen activadas, pueden dividirse en cookies de sesi\u00f3n o permanentes:<\/p>\n\n\n\n<ul class=\"wp-block-list\">\n<li><strong>Cookies de sesi\u00f3n:&nbsp;<\/strong>los datos que recaban y almacenan estas cookies se recogen mientras el usuario navega por la p\u00e1gina web, y son eliminadas al cerrar el navegador. Se suelen emplear para almacenar informaci\u00f3n que interesa conservar para la prestaci\u00f3n del servicio solicitado por el usuario en una sola ocasi\u00f3n.<\/li>\n\n\n\n<li><strong>Cookies persistentes:<\/strong>&nbsp;mediante estas cookies los datos contin\u00faan almacenados en el terminal durante un per\u00edodo de tiempo determinado, facilitando as\u00ed el control de las preferencias elegidas sin tener que repetir ciertos par\u00e1metros cada vez que se visite el sitio web.<\/li>\n<\/ul>\n\n\n\n<p>Adicionalmente, seg\u00fan la entidad que las gestione, las cookies pueden clasificarse en propias o de tercero:<\/p>\n\n\n\n<ul class=\"wp-block-list\">\n<li><strong>Cookies propias:&nbsp;<\/strong>estas cookies se env\u00edan al equipo terminal del usuario desde un equipo o dominio gestionado por el propio editor y desde el cual se presta el servicio solicitado por el usuario.<\/li>\n\n\n\n<li><strong>Cookies de terceros:<\/strong>&nbsp;estas cookies se env\u00edan al equipo terminal del usuario desde un equipo o dominio que no es gestionado por el editor, sino por otra entidad que trata los datos obtenidos trav\u00e9s de las cookies.<\/li>\n<\/ul>\n\n\n\n<p><strong>&nbsp;<\/strong>En cuanto a la finalidad, las cookies pueden ser:<\/p>\n\n\n\n<ul class=\"wp-block-list\">\n<li><strong>Cookies t\u00e9cnicas:&nbsp;<\/strong>estas cookies permiten controlar el tr\u00e1fico y la comunicaci\u00f3n de datos.<\/li>\n\n\n\n<li><strong>Cookies de personalizaci\u00f3n:&nbsp;<\/strong>estas cookies dejan acceder a los usuarios seg\u00fan algunas caracter\u00edsticas propias que se recogen (navegador, idioma, etc.).<\/li>\n\n\n\n<li><strong>Cookies de an\u00e1lisis:&nbsp;<\/strong>estas cookies permiten al responsable de las mismas el seguimiento y an\u00e1lisis del comportamiento de los usuarios de los sitios web y permiten elaborar un perfil de usuario.<\/li>\n\n\n\n<li><strong>Cookies publicitarias:<\/strong>&nbsp;estas cookies recogen datos sobre la gesti\u00f3n de los espacios publicitarios.<\/li>\n<\/ul>\n","protected":false},"excerpt":{"rendered":"<p>\u00bfQu\u00e9 son las cookies y por qu\u00e9 las utilizamos en el sitio web? Una cookie es un archivo que se descarga en el dispositivo del usuario para acceder a un determinado sitio web para almacenar y recuperar informaci\u00f3n sobre la navegaci\u00f3n que se hace en el ordenador. Las cookies permiten a este sitio web, entre [&hellip;]<\/p>\n","protected":false},"author":1,"featured_media":0,"parent":0,"menu_order":0,"comment_status":"closed","ping_status":"closed","template":"","meta":{"footnotes":""},"class_list":["post-93","page","type-page","status-publish","hentry"],"yoast_head":"<!-- This site is optimized with the Yoast SEO plugin v27.2 - https:\/\/yoast.com\/product\/yoast-seo-wordpress\/ -->\n<title>Pol\u00edtica de cookies &#8212; MyGym Barcelona (es)<\/title>\n<meta name=\"robots\" content=\"noindex, follow\" \/>\n<meta property=\"og:type\" content=\"article\" \/>\n<meta property=\"og:title\" content=\"Pol\u00edtica de cookies &#8212; MyGym Barcelona (es)\" \/>\n<meta property=\"og:description\" content=\"\u00bfQu\u00e9 son las cookies y por qu\u00e9 las utilizamos en el sitio web? Una cookie es un archivo que se descarga en el dispositivo del usuario para acceder a un determinado sitio web para almacenar y recuperar informaci\u00f3n sobre la navegaci\u00f3n que se hace en el ordenador. Las cookies permiten a este sitio web, entre [&hellip;]\" \/>\n<meta property=\"og:url\" content=\"https:\/\/mygymbarcelona.com\/es\/politica-de-cookies\/\" \/>\n<meta property=\"og:site_name\" content=\"MyGym Barcelona (es)\" \/>\n<meta property=\"article:modified_time\" content=\"2024-12-10T12:33:44+00:00\" \/>\n<meta property=\"og:image\" content=\"https:\/\/mygymbarcelona.com\/es\/wp-content\/uploads\/sites\/4\/2024\/12\/mygym_1200x675.jpg\" \/>\n\t<meta property=\"og:image:width\" content=\"1200\" \/>\n\t<meta property=\"og:image:height\" content=\"675\" \/>\n\t<meta property=\"og:image:type\" content=\"image\/jpeg\" \/>\n<meta name=\"twitter:card\" content=\"summary_large_image\" \/>\n<meta name=\"twitter:label1\" content=\"\u041f\u0440\u0438\u043c\u0435\u0440\u043d\u043e\u0435 \u0432\u0440\u0435\u043c\u044f \u0434\u043b\u044f \u0447\u0442\u0435\u043d\u0438\u044f\" \/>\n\t<meta name=\"twitter:data1\" content=\"3 \u043c\u0438\u043d\u0443\u0442\u044b\" \/>\n<script type=\"application\/ld+json\" class=\"yoast-schema-graph\">{\"@context\":\"https:\/\/schema.org\",\"@graph\":[{\"@type\":\"WebPage\",\"@id\":\"https:\/\/mygymbarcelona.com\/es\/politica-de-cookies\/\",\"url\":\"https:\/\/mygymbarcelona.com\/es\/politica-de-cookies\/\",\"name\":\"Pol\u00edtica de cookies &#8212; MyGym Barcelona (es)\",\"isPartOf\":{\"@id\":\"https:\/\/mygymbarcelona.com\/es\/#website\"},\"datePublished\":\"2023-10-20T15:21:22+00:00\",\"dateModified\":\"2024-12-10T12:33:44+00:00\",\"breadcrumb\":{\"@id\":\"https:\/\/mygymbarcelona.com\/es\/politica-de-cookies\/#breadcrumb\"},\"inLanguage\":\"ru-RU\",\"potentialAction\":[{\"@type\":\"ReadAction\",\"target\":[\"https:\/\/mygymbarcelona.com\/es\/politica-de-cookies\/\"]}]},{\"@type\":\"BreadcrumbList\",\"@id\":\"https:\/\/mygymbarcelona.com\/es\/politica-de-cookies\/#breadcrumb\",\"itemListElement\":[{\"@type\":\"ListItem\",\"position\":1,\"name\":\"\u0413\u043b\u0430\u0432\u043d\u0430\u044f \u0441\u0442\u0440\u0430\u043d\u0438\u0446\u0430\",\"item\":\"https:\/\/mygymbarcelona.com\/es\/\"},{\"@type\":\"ListItem\",\"position\":2,\"name\":\"Pol\u00edtica de cookies\"}]},{\"@type\":\"WebSite\",\"@id\":\"https:\/\/mygymbarcelona.com\/es\/#website\",\"url\":\"https:\/\/mygymbarcelona.com\/es\/\",\"name\":\"MyGym Barcelona\",\"description\":\"\",\"publisher\":{\"@id\":\"https:\/\/mygymbarcelona.com\/es\/#organization\"},\"alternateName\":\"MyGym\",\"potentialAction\":[{\"@type\":\"SearchAction\",\"target\":{\"@type\":\"EntryPoint\",\"urlTemplate\":\"https:\/\/mygymbarcelona.com\/es\/?s={search_term_string}\"},\"query-input\":{\"@type\":\"PropertyValueSpecification\",\"valueRequired\":true,\"valueName\":\"search_term_string\"}}],\"inLanguage\":\"ru-RU\"},{\"@type\":\"Organization\",\"@id\":\"https:\/\/mygymbarcelona.com\/es\/#organization\",\"name\":\"MyGym Barcelona\",\"url\":\"https:\/\/mygymbarcelona.com\/es\/\",\"logo\":{\"@type\":\"ImageObject\",\"inLanguage\":\"ru-RU\",\"@id\":\"https:\/\/mygymbarcelona.com\/es\/#\/schema\/logo\/image\/\",\"url\":\"https:\/\/mygymbarcelona.com\/es\/wp-content\/uploads\/sites\/4\/2023\/10\/logo.png\",\"contentUrl\":\"https:\/\/mygymbarcelona.com\/es\/wp-content\/uploads\/sites\/4\/2023\/10\/logo.png\",\"width\":150,\"height\":146,\"caption\":\"MyGym Barcelona\"},\"image\":{\"@id\":\"https:\/\/mygymbarcelona.com\/es\/#\/schema\/logo\/image\/\"}}]}<\/script>\n<!-- \/ Yoast SEO plugin. -->","yoast_head_json":{"title":"Pol\u00edtica de cookies &#8212; MyGym Barcelona (es)","robots":{"index":"noindex","follow":"follow"},"og_type":"article","og_title":"Pol\u00edtica de cookies &#8212; MyGym Barcelona (es)","og_description":"\u00bfQu\u00e9 son las cookies y por qu\u00e9 las utilizamos en el sitio web? Una cookie es un archivo que se descarga en el dispositivo del usuario para acceder a un determinado sitio web para almacenar y recuperar informaci\u00f3n sobre la navegaci\u00f3n que se hace en el ordenador. Las cookies permiten a este sitio web, entre [&hellip;]","og_url":"https:\/\/mygymbarcelona.com\/es\/politica-de-cookies\/","og_site_name":"MyGym Barcelona (es)","article_modified_time":"2024-12-10T12:33:44+00:00","og_image":[{"width":1200,"height":675,"url":"https:\/\/mygymbarcelona.com\/es\/wp-content\/uploads\/sites\/4\/2024\/12\/mygym_1200x675.jpg","type":"image\/jpeg"}],"twitter_card":"summary_large_image","twitter_misc":{"\u041f\u0440\u0438\u043c\u0435\u0440\u043d\u043e\u0435 \u0432\u0440\u0435\u043c\u044f \u0434\u043b\u044f \u0447\u0442\u0435\u043d\u0438\u044f":"3 \u043c\u0438\u043d\u0443\u0442\u044b"},"schema":{"@context":"https:\/\/schema.org","@graph":[{"@type":"WebPage","@id":"https:\/\/mygymbarcelona.com\/es\/politica-de-cookies\/","url":"https:\/\/mygymbarcelona.com\/es\/politica-de-cookies\/","name":"Pol\u00edtica de cookies &#8212; MyGym Barcelona (es)","isPartOf":{"@id":"https:\/\/mygymbarcelona.com\/es\/#website"},"datePublished":"2023-10-20T15:21:22+00:00","dateModified":"2024-12-10T12:33:44+00:00","breadcrumb":{"@id":"https:\/\/mygymbarcelona.com\/es\/politica-de-cookies\/#breadcrumb"},"inLanguage":"ru-RU","potentialAction":[{"@type":"ReadAction","target":["https:\/\/mygymbarcelona.com\/es\/politica-de-cookies\/"]}]},{"@type":"BreadcrumbList","@id":"https:\/\/mygymbarcelona.com\/es\/politica-de-cookies\/#breadcrumb","itemListElement":[{"@type":"ListItem","position":1,"name":"\u0413\u043b\u0430\u0432\u043d\u0430\u044f \u0441\u0442\u0440\u0430\u043d\u0438\u0446\u0430","item":"https:\/\/mygymbarcelona.com\/es\/"},{"@type":"ListItem","position":2,"name":"Pol\u00edtica de cookies"}]},{"@type":"WebSite","@id":"https:\/\/mygymbarcelona.com\/es\/#website","url":"https:\/\/mygymbarcelona.com\/es\/","name":"MyGym Barcelona","description":"","publisher":{"@id":"https:\/\/mygymbarcelona.com\/es\/#organization"},"alternateName":"MyGym","potentialAction":[{"@type":"SearchAction","target":{"@type":"EntryPoint","urlTemplate":"https:\/\/mygymbarcelona.com\/es\/?s={search_term_string}"},"query-input":{"@type":"PropertyValueSpecification","valueRequired":true,"valueName":"search_term_string"}}],"inLanguage":"ru-RU"},{"@type":"Organization","@id":"https:\/\/mygymbarcelona.com\/es\/#organization","name":"MyGym Barcelona","url":"https:\/\/mygymbarcelona.com\/es\/","logo":{"@type":"ImageObject","inLanguage":"ru-RU","@id":"https:\/\/mygymbarcelona.com\/es\/#\/schema\/logo\/image\/","url":"https:\/\/mygymbarcelona.com\/es\/wp-content\/uploads\/sites\/4\/2023\/10\/logo.png","contentUrl":"https:\/\/mygymbarcelona.com\/es\/wp-content\/uploads\/sites\/4\/2023\/10\/logo.png","width":150,"height":146,"caption":"MyGym Barcelona"},"image":{"@id":"https:\/\/mygymbarcelona.com\/es\/#\/schema\/logo\/image\/"}}]}},"_links":{"self":[{"href":"https:\/\/mygymbarcelona.com\/es\/wp-json\/wp\/v2\/pages\/93","targetHints":{"allow":["GET"]}}],"collection":[{"href":"https:\/\/mygymbarcelona.com\/es\/wp-json\/wp\/v2\/pages"}],"about":[{"href":"https:\/\/mygymbarcelona.com\/es\/wp-json\/wp\/v2\/types\/page"}],"author":[{"embeddable":true,"href":"https:\/\/mygymbarcelona.com\/es\/wp-json\/wp\/v2\/users\/1"}],"replies":[{"embeddable":true,"href":"https:\/\/mygymbarcelona.com\/es\/wp-json\/wp\/v2\/comments?post=93"}],"version-history":[{"count":2,"href":"https:\/\/mygymbarcelona.com\/es\/wp-json\/wp\/v2\/pages\/93\/revisions"}],"predecessor-version":[{"id":1038,"href":"https:\/\/mygymbarcelona.com\/es\/wp-json\/wp\/v2\/pages\/93\/revisions\/1038"}],"wp:attachment":[{"href":"https:\/\/mygymbarcelona.com\/es\/wp-json\/wp\/v2\/media?parent=93"}],"curies":[{"name":"wp","href":"https:\/\/api.w.org\/{rel}","templated":true}]}}