{"id":91,"date":"2023-10-20T18:21:13","date_gmt":"2023-10-20T15:21:13","guid":{"rendered":"http:\/\/dev-mygymbarcelona.local\/es\/?page_id=91"},"modified":"2024-12-12T21:21:57","modified_gmt":"2024-12-12T18:21:57","slug":"condicions-d-us","status":"publish","type":"page","link":"https:\/\/mygymbarcelona.com\/es\/condicions-d-us\/","title":{"rendered":"Condiciones de uso"},"content":{"rendered":"\n<p><strong>NORMAS Y REGLAMENTOS DE USO DE MYGYM BARCELONA SL<\/strong><\/p>\n\n\n\n<p><strong>1. INSCRIPCI\u00d3N<\/strong><\/p>\n\n\n\n<p>1.1 Se considerar\u00e1 abonada la persona que est\u00e9 dada de alta y al corriente del pago en la modalidad escogida. <\/p>\n\n\n\n<p>1.2 En el momento de la inscripci\u00f3n es necesario facilitar los datos personales del beneficiario, DNI o Pasaporte y los datos del banco o caja para domiciliar los recibos.<\/p>\n\n\n\n<p>1.3 El pago de la matr\u00edcula es anual y tiene vigencia de septiembre a julio. Se abonar\u00e1 en el momento de la inscripci\u00f3n independientemente de la fecha de matriculaci\u00f3n. Una vez empezada la actividad no se devolver\u00e1 bajo ning\u00fan concepto.<\/p>\n\n\n\n<p>1.4 De acuerdo con el art\u00edculo 21 de la Ley 34\/2002, de 11 de julio, de servicios de la sociedad de la informaci\u00f3n y comercio electr\u00f3nico, su aceptaci\u00f3n de estas condiciones est\u00e1ndar nos autoriza de manera expresa a enviar comunicaciones comerciales, promocionales o publicitarias a trav\u00e9s de correo electr\u00f3nico o de cualquier otro canal de comunicaci\u00f3n equivalente.<\/p>\n\n\n\n<p><strong>2. CUOTAS<\/strong><\/p>\n\n\n\n<p>2.1 El usuario podr\u00e1 cambiar la modalidad, datos personales o bancarios siempre que lo comunique antes del d\u00eda 20 del mes en curso.<\/p>\n\n\n\n<p>2.2 La cuota de abono se pagar\u00e1 independientemente del uso que se haga de las instalaciones y de la asistencia a las clases.<\/p>\n\n\n\n<p>2.3 Las cuotas ser\u00e1n abonadas por anticipo mediante domiciliaci\u00f3n bancaria entre los d\u00edas 1 y 5 de cada mes natural.<\/p>\n\n\n\n<p><strong>3. BAJA<\/strong><\/p>\n\n\n\n<p>3.1 Cuando un usuario desee darse de baja deber\u00e1 comunicarlo por escrito, a trav\u00e9s de un documento de solicitud de baja de la escuela, antes del d\u00eda 20 del mes en curso. No se aceptar\u00e1n bajas con car\u00e1cter retroactivo. No se realizar\u00e1 ninguna devoluci\u00f3n de la cuota mensual una vez iniciado el mes sin aviso de baja, as\u00ed como tampoco en cursos Intensivos y Workshops que se realicen en la escuela una vez iniciado. <\/p>\n\n\n\n<p>3.2 Las suspensiones temporales de la actividad ser\u00e1n aceptadas durante un plazo m\u00e1ximo de 2 meses con previo aviso y se aplicar\u00e1 una cuota de mantenimiento de <mark style=\"background-color:rgba(0, 0, 0, 0)\" class=\"has-inline-color has-vivid-red-color\">35\u20ac<\/mark>.<\/p>\n\n\n\n<p><strong>4. IMPAGO O RETRASO DE LA CUOTA<\/strong><\/p>\n\n\n\n<p>4.1 Si no se hace efectivo alg\u00fan pago antes de la fecha de vencimiento, nos reservamos el derecho de poner los impagos en manos de una empresa de cobro de deudas y de aplicarle los gastos que hayamos tenido que asumir para cobrar los importes pagados.<\/p>\n\n\n\n<p>4.2 En caso de que un recibo domiciliado sea devuelto por falta de fondos, la empresa que realiza los cobros de las cuotas podr\u00e1 aplicar una comisi\u00f3n por los gastos ocasionados que no exceder\u00e1 los 5\u20ac por recibo devuelto.<\/p>\n\n\n\n<p><strong>5. HORARIOS Y ACCESOS<\/strong><\/p>\n\n\n\n<p>5.1 My Gym Danshin SL informar\u00e1 a los usuarios del cierre de las instalaciones en periodo de vacaciones, grandes reparaciones, actos y situaciones similares a trav\u00e9s del calendario disponible en la la web: https:\/\/mygymbarcelona.com\/es\/horaris\/<\/p>\n\n\n\n<p>5.2 My Gym Danshin SL se compromete a impartir las clases en las horas establecidas sin perjuicio de lo cual el centro podr\u00e1, por cuestiones organizativas, modificar el horario de las clases sin que dicho cambio justifique la devoluci\u00f3n de la cuota o la baja del alumno de conformidad con lo dispuesto en la cl\u00e1usula 1.6 de este documento.<\/p>\n\n\n\n<p>5.3 Es indispensable respetar los horarios de la sesi\u00f3n a la que el usuario est\u00e1 abonado. El usuario no podr\u00e1 acceder a la clase hasta que termine la sesi\u00f3n anterior.<\/p>\n\n\n\n<p>5.4 Los padres o tutores que acompa\u00f1en los alumnos menores de edad deber\u00e1n esperarlos fuera de la sala donde de se realiza la actividad durante el transcurso de las clases.<\/p>\n\n\n\n<p>5.5 Las clases se podr\u00e1n recuperar en horarios de entrenamiento. En el caso de que no sea posible por causa de fuerza mayor se podr\u00e1 recuperar una clase al mes en un horario a convenir. En el caso de coincidir la clase con un d\u00eda festivo NO se podr\u00e1 recuperar.<\/p>\n\n\n\n<p>5.6 MyGym se reserva el derecho de cancelar o reducir el n\u00famero de grupos si no alcanza un m\u00ednimo de 5 alumnos.<\/p>\n\n\n\n<p><strong>6. MANTENIMIENTO DE LAS INSTALACIONES<\/strong><\/p>\n\n\n\n<p>6.1 Debe dejarse el vestuario en buenas condiciones. para el resto de usuarios. En ning\u00fan caso es de uso personalizado.<\/p>\n\n\n\n<p>6.2 No se puede entrar con zapatos de la calle en la zona reservada para el desarrollo de las actividades. <\/p>\n\n\n\n<p>6.3 No dejar papeles, tiritas, botellas&#8230;fuera de las papeleras del recinto.<\/p>\n\n\n\n<p>6.4 No se permite fumar ni comer en ninguno de los espacios de la instalaci\u00f3n a excepci\u00f3n de las zonas habilitadas.<\/p>\n\n\n\n<p>6.5 La direcci\u00f3n de la instalaci\u00f3n no se responsabiliza de los objetos perdidos u olvidados. Los objetos que se hayan podido encontrar se guardar\u00e1n una semana en recepci\u00f3n.<\/p>\n\n\n\n<p><strong>7. SEGURIDAD Y RESPONSABILIDAD<\/strong><\/p>\n\n\n\n<p>7.1 El alumno comprende que todos los ejercicios deben ser seguidos con arreglo a las explicaciones de los. profesores y responsables autorizados de My Gym Danshin SL<\/p>\n\n\n\n<p>7.2 El alumno deber\u00e1 informar a su profesor de cualquier limitaci\u00f3n f\u00edsica\/emocional que pueda afectar al desarrollo de la actividad<\/p>\n\n\n\n<p>7.3 El alumno y\/o su\/s tutor\/es suscribiente\/s comprenden y aceptan que existe la posibilidad y\/o riesgo de lesi\u00f3n, motivo por el cual el alumno y\/o tutor\/es suscribiente\/s asume\/en entera y exclusivamente dicho riesgo.<\/p>\n\n\n\n<p>7.4 Los usuarios que lleven a cabo entrenamientos libres en el recinto deber\u00e1n tener en cuenta las instrucciones relacionadas con el uso seguro y correcto de las instalaciones y evitar usar los aparatos con los que no est\u00e9n familiarizados o de los que no hayan recibido ning\u00fan tipo de formaci\u00f3n por parte de ning\u00fan profesor cualificado. Es imprescindible la manipulaci\u00f3n del equipamiento de la escuela con supervisi\u00f3n o permiso del profesorado.<\/p>\n\n\n\n<p>7.5 Con la firma del presente contrato el usuario reconoce haber sido informado por My Gym Danshin SL que corre exclusivamente a su cargo, y as\u00ed lo asume, la responsabilidad por cualquier incidencia, de cualquier tipo, derivada del uso de las instalaciones, incluso en caso de que la misma tenga car\u00e1cter fortuito. La responsabilidad incluye los da\u00f1os personales propios o a terceros que, eventualmente, pudiesen derivar del percance con la \u00fanica excepci\u00f3n de aquellos que tomen causa de una negligencia grave de My Gym Danshin SL o de alguno de sus empleados. A trav\u00e9s de la aceptaci\u00f3n estas condiciones, con su firma. expresa, el usuario declara que ha sido cumplidamente informado de los riesgos de lesi\u00f3n derivado de las actividades llevadas a cabo en la escuela que pueden comportar, en el l\u00edmite, par\u00e1lisis permanentes o incluso riesgo mortal. Finalmente el usuario reitera que asume libremente y de manera consciente los riesgos de los que ha sido cumplidamente informado con antelaci\u00f3n al uso de las instalaciones sin que la relaci\u00f3n tenga car\u00e1cter exhaustivo.<\/p>\n\n\n\n<p>7.6 En el caso de una emergencia o lesi\u00f3n, notificar de manera inmediata al profesor.<\/p>\n\n\n\n<p><strong>8. LIMITACIONES DE USO<\/strong><\/p>\n\n\n\n<p>8.1 El personal responsable de la gesti\u00f3n de la instalaci\u00f3n podr\u00e1 cerrarla por razones de seguridad o climatol\u00f3gicas y cuando se produzcan circunstancias que puedan ocasionar da\u00f1os f\u00edsicos a personas y\/o desperfectos en las instalaciones.<\/p>\n\n\n\n<p>8.2 Todos los usuarios deber\u00e1n tener un comportamiento c\u00edvico y respetuoso con el personal y con el resto de los usuarios en el interior del recinto, en caso contrario ser\u00e1n expulsados del centro.<\/p>\n\n\n\n<p>8.3 El usuario que ocasione alg\u00fan desperfecto material en las instalaciones ser\u00e1 directamente responsable y deber\u00e1 hacerse cargo del coste que origine dicho desperfecto.<\/p>\n\n\n\n<p><strong>9. CUMPLIMIENTO DE LA NORMATIVA<\/strong><\/p>\n\n\n\n<p>9.1 Si un alumno incumple alguna norma de la instalaci\u00f3n recibir\u00e1 una carta de aviso de la direcci\u00f3n informando de la falta que ha cometido.<\/p>\n\n\n\n<p>9.2 Si un usuario reitera alg\u00fan incumplimiento de la normativa de la instalaci\u00f3n la direcci\u00f3n del centro se reserva el derecho de expulsar a la persona temporal o definitivamente de nuestras instalaciones. <\/p>\n\n\n\n<p>_________ <\/p>\n\n\n\n<p>La direcci\u00f3n del centro se reserva el derecho de modificar las normas siempre y cuando se requiera sin prejuicio de la aceptaci\u00f3n primera en la firma del contrato. El alumno y\/o sus padres\/s o tutor\/es declara\/n bajo su responsabilidad haber sido suficiente y paralelamente informado\/s de forma verbal por My Gym Danshin SL de las condiciones que se plasman en este contrato, as\u00ed como de sus consecuencias, con car\u00e1cter previo a la firma de este, liberando consiguientemente a la escuela de la carga de la prueba a este respeto. Asimismo, el alumno y\/o su\/s padre\/s y\/o tutor\/es declara\/n bajo su responsabilidad que la terminolog\u00eda utilizada en el presente contrato es perfectamente clara y que la comprende\/n efectivamente en todos sus t\u00e9rminos sin que existan para el\/ los mismo\/s cl\u00e1usulas ilegibles, ambiguo o incomprensible.<\/p>\n\n\n\n<p><\/p>\n\n\n\n<p>My Gym Danshin SL<\/p>\n\n\n\n<p>C. de Pallars, 242, Sant Mart\u00ed, 08005 Barcelona<\/p>\n\n\n\n<p>17.01.2024&nbsp;<\/p>\n","protected":false},"excerpt":{"rendered":"<p>NORMAS Y REGLAMENTOS DE USO DE MYGYM BARCELONA SL 1. INSCRIPCI\u00d3N 1.1 Se considerar\u00e1 abonada la persona que est\u00e9 dada de alta y al corriente del pago en la modalidad escogida. 1.2 En el momento de la inscripci\u00f3n es necesario facilitar los datos personales del beneficiario, DNI o Pasaporte y los datos del banco o [&hellip;]<\/p>\n","protected":false},"author":1,"featured_media":0,"parent":0,"menu_order":0,"comment_status":"closed","ping_status":"closed","template":"","meta":{"footnotes":""},"class_list":["post-91","page","type-page","status-publish","hentry"],"yoast_head":"<!-- This site is optimized with the Yoast SEO plugin v27.2 - https:\/\/yoast.com\/product\/yoast-seo-wordpress\/ -->\n<title>Condiciones de uso &#8212; MyGym Barcelona (es)<\/title>\n<meta name=\"robots\" content=\"noindex, follow\" \/>\n<meta property=\"og:type\" content=\"article\" \/>\n<meta property=\"og:title\" content=\"Condiciones de uso &#8212; MyGym Barcelona (es)\" \/>\n<meta property=\"og:description\" content=\"NORMAS Y REGLAMENTOS DE USO DE MYGYM BARCELONA SL 1. INSCRIPCI\u00d3N 1.1 Se considerar\u00e1 abonada la persona que est\u00e9 dada de alta y al corriente del pago en la modalidad escogida. 1.2 En el momento de la inscripci\u00f3n es necesario facilitar los datos personales del beneficiario, DNI o Pasaporte y los datos del banco o [&hellip;]\" \/>\n<meta property=\"og:url\" content=\"https:\/\/mygymbarcelona.com\/es\/condicions-d-us\/\" \/>\n<meta property=\"og:site_name\" content=\"MyGym Barcelona (es)\" \/>\n<meta property=\"article:modified_time\" content=\"2024-12-12T18:21:57+00:00\" \/>\n<meta property=\"og:image\" content=\"https:\/\/mygymbarcelona.com\/es\/wp-content\/uploads\/sites\/4\/2024\/12\/mygym_1200x675.jpg\" \/>\n\t<meta property=\"og:image:width\" content=\"1200\" \/>\n\t<meta property=\"og:image:height\" content=\"675\" \/>\n\t<meta property=\"og:image:type\" content=\"image\/jpeg\" \/>\n<meta name=\"twitter:card\" content=\"summary_large_image\" \/>\n<meta name=\"twitter:label1\" content=\"\u041f\u0440\u0438\u043c\u0435\u0440\u043d\u043e\u0435 \u0432\u0440\u0435\u043c\u044f \u0434\u043b\u044f \u0447\u0442\u0435\u043d\u0438\u044f\" \/>\n\t<meta name=\"twitter:data1\" content=\"8 \u043c\u0438\u043d\u0443\u0442\" \/>\n<script type=\"application\/ld+json\" class=\"yoast-schema-graph\">{\"@context\":\"https:\/\/schema.org\",\"@graph\":[{\"@type\":\"WebPage\",\"@id\":\"https:\/\/mygymbarcelona.com\/es\/condicions-d-us\/\",\"url\":\"https:\/\/mygymbarcelona.com\/es\/condicions-d-us\/\",\"name\":\"Condiciones de uso &#8212; MyGym Barcelona (es)\",\"isPartOf\":{\"@id\":\"https:\/\/mygymbarcelona.com\/es\/#website\"},\"datePublished\":\"2023-10-20T15:21:13+00:00\",\"dateModified\":\"2024-12-12T18:21:57+00:00\",\"breadcrumb\":{\"@id\":\"https:\/\/mygymbarcelona.com\/es\/condicions-d-us\/#breadcrumb\"},\"inLanguage\":\"ru-RU\",\"potentialAction\":[{\"@type\":\"ReadAction\",\"target\":[\"https:\/\/mygymbarcelona.com\/es\/condicions-d-us\/\"]}]},{\"@type\":\"BreadcrumbList\",\"@id\":\"https:\/\/mygymbarcelona.com\/es\/condicions-d-us\/#breadcrumb\",\"itemListElement\":[{\"@type\":\"ListItem\",\"position\":1,\"name\":\"\u0413\u043b\u0430\u0432\u043d\u0430\u044f \u0441\u0442\u0440\u0430\u043d\u0438\u0446\u0430\",\"item\":\"https:\/\/mygymbarcelona.com\/es\/\"},{\"@type\":\"ListItem\",\"position\":2,\"name\":\"Condiciones de uso\"}]},{\"@type\":\"WebSite\",\"@id\":\"https:\/\/mygymbarcelona.com\/es\/#website\",\"url\":\"https:\/\/mygymbarcelona.com\/es\/\",\"name\":\"MyGym Barcelona\",\"description\":\"\",\"publisher\":{\"@id\":\"https:\/\/mygymbarcelona.com\/es\/#organization\"},\"alternateName\":\"MyGym\",\"potentialAction\":[{\"@type\":\"SearchAction\",\"target\":{\"@type\":\"EntryPoint\",\"urlTemplate\":\"https:\/\/mygymbarcelona.com\/es\/?s={search_term_string}\"},\"query-input\":{\"@type\":\"PropertyValueSpecification\",\"valueRequired\":true,\"valueName\":\"search_term_string\"}}],\"inLanguage\":\"ru-RU\"},{\"@type\":\"Organization\",\"@id\":\"https:\/\/mygymbarcelona.com\/es\/#organization\",\"name\":\"MyGym Barcelona\",\"url\":\"https:\/\/mygymbarcelona.com\/es\/\",\"logo\":{\"@type\":\"ImageObject\",\"inLanguage\":\"ru-RU\",\"@id\":\"https:\/\/mygymbarcelona.com\/es\/#\/schema\/logo\/image\/\",\"url\":\"https:\/\/mygymbarcelona.com\/es\/wp-content\/uploads\/sites\/4\/2023\/10\/logo.png\",\"contentUrl\":\"https:\/\/mygymbarcelona.com\/es\/wp-content\/uploads\/sites\/4\/2023\/10\/logo.png\",\"width\":150,\"height\":146,\"caption\":\"MyGym Barcelona\"},\"image\":{\"@id\":\"https:\/\/mygymbarcelona.com\/es\/#\/schema\/logo\/image\/\"}}]}<\/script>\n<!-- \/ Yoast SEO plugin. -->","yoast_head_json":{"title":"Condiciones de uso &#8212; MyGym Barcelona (es)","robots":{"index":"noindex","follow":"follow"},"og_type":"article","og_title":"Condiciones de uso &#8212; MyGym Barcelona (es)","og_description":"NORMAS Y REGLAMENTOS DE USO DE MYGYM BARCELONA SL 1. INSCRIPCI\u00d3N 1.1 Se considerar\u00e1 abonada la persona que est\u00e9 dada de alta y al corriente del pago en la modalidad escogida. 1.2 En el momento de la inscripci\u00f3n es necesario facilitar los datos personales del beneficiario, DNI o Pasaporte y los datos del banco o [&hellip;]","og_url":"https:\/\/mygymbarcelona.com\/es\/condicions-d-us\/","og_site_name":"MyGym Barcelona (es)","article_modified_time":"2024-12-12T18:21:57+00:00","og_image":[{"width":1200,"height":675,"url":"https:\/\/mygymbarcelona.com\/es\/wp-content\/uploads\/sites\/4\/2024\/12\/mygym_1200x675.jpg","type":"image\/jpeg"}],"twitter_card":"summary_large_image","twitter_misc":{"\u041f\u0440\u0438\u043c\u0435\u0440\u043d\u043e\u0435 \u0432\u0440\u0435\u043c\u044f \u0434\u043b\u044f \u0447\u0442\u0435\u043d\u0438\u044f":"8 \u043c\u0438\u043d\u0443\u0442"},"schema":{"@context":"https:\/\/schema.org","@graph":[{"@type":"WebPage","@id":"https:\/\/mygymbarcelona.com\/es\/condicions-d-us\/","url":"https:\/\/mygymbarcelona.com\/es\/condicions-d-us\/","name":"Condiciones de uso &#8212; MyGym Barcelona (es)","isPartOf":{"@id":"https:\/\/mygymbarcelona.com\/es\/#website"},"datePublished":"2023-10-20T15:21:13+00:00","dateModified":"2024-12-12T18:21:57+00:00","breadcrumb":{"@id":"https:\/\/mygymbarcelona.com\/es\/condicions-d-us\/#breadcrumb"},"inLanguage":"ru-RU","potentialAction":[{"@type":"ReadAction","target":["https:\/\/mygymbarcelona.com\/es\/condicions-d-us\/"]}]},{"@type":"BreadcrumbList","@id":"https:\/\/mygymbarcelona.com\/es\/condicions-d-us\/#breadcrumb","itemListElement":[{"@type":"ListItem","position":1,"name":"\u0413\u043b\u0430\u0432\u043d\u0430\u044f \u0441\u0442\u0440\u0430\u043d\u0438\u0446\u0430","item":"https:\/\/mygymbarcelona.com\/es\/"},{"@type":"ListItem","position":2,"name":"Condiciones de uso"}]},{"@type":"WebSite","@id":"https:\/\/mygymbarcelona.com\/es\/#website","url":"https:\/\/mygymbarcelona.com\/es\/","name":"MyGym Barcelona","description":"","publisher":{"@id":"https:\/\/mygymbarcelona.com\/es\/#organization"},"alternateName":"MyGym","potentialAction":[{"@type":"SearchAction","target":{"@type":"EntryPoint","urlTemplate":"https:\/\/mygymbarcelona.com\/es\/?s={search_term_string}"},"query-input":{"@type":"PropertyValueSpecification","valueRequired":true,"valueName":"search_term_string"}}],"inLanguage":"ru-RU"},{"@type":"Organization","@id":"https:\/\/mygymbarcelona.com\/es\/#organization","name":"MyGym Barcelona","url":"https:\/\/mygymbarcelona.com\/es\/","logo":{"@type":"ImageObject","inLanguage":"ru-RU","@id":"https:\/\/mygymbarcelona.com\/es\/#\/schema\/logo\/image\/","url":"https:\/\/mygymbarcelona.com\/es\/wp-content\/uploads\/sites\/4\/2023\/10\/logo.png","contentUrl":"https:\/\/mygymbarcelona.com\/es\/wp-content\/uploads\/sites\/4\/2023\/10\/logo.png","width":150,"height":146,"caption":"MyGym Barcelona"},"image":{"@id":"https:\/\/mygymbarcelona.com\/es\/#\/schema\/logo\/image\/"}}]}},"_links":{"self":[{"href":"https:\/\/mygymbarcelona.com\/es\/wp-json\/wp\/v2\/pages\/91","targetHints":{"allow":["GET"]}}],"collection":[{"href":"https:\/\/mygymbarcelona.com\/es\/wp-json\/wp\/v2\/pages"}],"about":[{"href":"https:\/\/mygymbarcelona.com\/es\/wp-json\/wp\/v2\/types\/page"}],"author":[{"embeddable":true,"href":"https:\/\/mygymbarcelona.com\/es\/wp-json\/wp\/v2\/users\/1"}],"replies":[{"embeddable":true,"href":"https:\/\/mygymbarcelona.com\/es\/wp-json\/wp\/v2\/comments?post=91"}],"version-history":[{"count":8,"href":"https:\/\/mygymbarcelona.com\/es\/wp-json\/wp\/v2\/pages\/91\/revisions"}],"predecessor-version":[{"id":1045,"href":"https:\/\/mygymbarcelona.com\/es\/wp-json\/wp\/v2\/pages\/91\/revisions\/1045"}],"wp:attachment":[{"href":"https:\/\/mygymbarcelona.com\/es\/wp-json\/wp\/v2\/media?parent=91"}],"curies":[{"name":"wp","href":"https:\/\/api.w.org\/{rel}","templated":true}]}}