{"id":72,"date":"2023-10-20T13:52:16","date_gmt":"2023-10-20T10:52:16","guid":{"rendered":"http:\/\/dev-mygymbarcelona.local\/es\/http-dev-mygymbarcelona-local-sobre-nosaltres\/"},"modified":"2024-12-09T23:13:55","modified_gmt":"2024-12-09T20:13:55","slug":"sobre-nosaltres","status":"publish","type":"page","link":"https:\/\/mygymbarcelona.com\/es\/sobre-nosaltres\/","title":{"rendered":"Sobre nosotros"},"content":{"rendered":"\n<h2 class=\"wp-block-heading has-text-align-center has-vivid-green-cyan-color has-text-color\">NUESTRO OBJETIVO<\/h2>\n\n\n\n<h3 class=\"wp-block-heading has-text-align-center has-vivid-red-color has-text-color\">NO FORZAR AL NI\u00d1O\/A, SINO AYUDARLE A QUE CREE NADA M\u00c1S BUENOS H\u00c1BITOS Y SE FORME UNA PERCEPCI\u00d3N CORRECTA DEL DEPORTE.<\/h3>\n\n\n\n<p>A una edad temprana, los ni\u00f1os y las ni\u00f1as no deben de estar sometidos a gran presi\u00f3n y el entrenamiento no debe de convertirse en una experiencia frustrante. Esto podr\u00eda tener un impacto negativo en su desarrollo f\u00edsico y mental. Bas\u00e1ndonos en estos hechos, nuestros entrenadores se centrar\u00e1 individualmente en cada ni\u00f1o\/a. Despu\u00e9s de unas cuantas clases, vuestro hijo\/a adquirir\u00e1 las habilidades b\u00e1sicas:<\/p>\n\n\n\n<ul class=\"wp-block-list\">\n<li>Realizaci\u00f3n de elementos b\u00e1sicos infantiles en equipos de gimnasia<\/li>\n\n\n\n<li>Saltos de trampol\u00edn<\/li>\n\n\n\n<li>Superaci\u00f3n de una serie de obst\u00e1culos<\/li>\n<\/ul>\n\n\n\n<p>Disfrutar del proceso y sin darse cuenta aprender\u00e1 cada vez m\u00e1s nuevos conocimientos, el\/la ni\u00f1o\/a adquirir\u00e1:<\/p>\n\n\n\n<ul class=\"wp-block-list\">\n<li>una cintura muscular fuerte<\/li>\n\n\n\n<li>una postura correcta<\/li>\n\n\n\n<li>una mejora en la coordinaci\u00f3n motriz del cuerpo<\/li>\n\n\n\n<li>desarrollar\u00e1 el aparato motriz<\/li>\n\n\n\n<li>flexibilidad, agilidad y resistencia<\/li>\n<\/ul>\n\n\n\n<figure class=\"wp-block-gallery has-nested-images columns-4 is-cropped wp-block-gallery-1 is-layout-flex wp-block-gallery-is-layout-flex\">\n<figure class=\"wp-block-image size-large\"><a href=\"https:\/\/mygymbarcelona.com\/es\/wp-content\/uploads\/sites\/4\/2024\/08\/01-DSCF3734-scaled.jpg\"><img loading=\"lazy\" decoding=\"async\" width=\"577\" height=\"1024\" data-id=\"687\" src=\"https:\/\/mygymbarcelona.com\/es\/wp-content\/uploads\/sites\/4\/2024\/08\/01-DSCF3734-577x1024.jpg\" alt=\"\" class=\"wp-image-687\" srcset=\"https:\/\/mygymbarcelona.com\/es\/wp-content\/uploads\/sites\/4\/2024\/08\/01-DSCF3734-577x1024.jpg 577w, https:\/\/mygymbarcelona.com\/es\/wp-content\/uploads\/sites\/4\/2024\/08\/01-DSCF3734-169x300.jpg 169w, https:\/\/mygymbarcelona.com\/es\/wp-content\/uploads\/sites\/4\/2024\/08\/01-DSCF3734-768x1363.jpg 768w, https:\/\/mygymbarcelona.com\/es\/wp-content\/uploads\/sites\/4\/2024\/08\/01-DSCF3734-866x1536.jpg 866w, https:\/\/mygymbarcelona.com\/es\/wp-content\/uploads\/sites\/4\/2024\/08\/01-DSCF3734-1154x2048.jpg 1154w, https:\/\/mygymbarcelona.com\/es\/wp-content\/uploads\/sites\/4\/2024\/08\/01-DSCF3734-scaled.jpg 1443w\" sizes=\"auto, (max-width: 577px) 100vw, 577px\" \/><\/a><\/figure>\n\n\n\n<figure class=\"wp-block-image size-large\"><a href=\"https:\/\/mygymbarcelona.com\/es\/wp-content\/uploads\/sites\/4\/2024\/08\/02-DSCF6317-scaled.jpg\"><img loading=\"lazy\" decoding=\"async\" width=\"683\" height=\"1024\" data-id=\"688\" src=\"https:\/\/mygymbarcelona.com\/es\/wp-content\/uploads\/sites\/4\/2024\/08\/02-DSCF6317-683x1024.jpg\" alt=\"\" class=\"wp-image-688\" srcset=\"https:\/\/mygymbarcelona.com\/es\/wp-content\/uploads\/sites\/4\/2024\/08\/02-DSCF6317-683x1024.jpg 683w, https:\/\/mygymbarcelona.com\/es\/wp-content\/uploads\/sites\/4\/2024\/08\/02-DSCF6317-200x300.jpg 200w, https:\/\/mygymbarcelona.com\/es\/wp-content\/uploads\/sites\/4\/2024\/08\/02-DSCF6317-768x1152.jpg 768w, https:\/\/mygymbarcelona.com\/es\/wp-content\/uploads\/sites\/4\/2024\/08\/02-DSCF6317-1024x1536.jpg 1024w, https:\/\/mygymbarcelona.com\/es\/wp-content\/uploads\/sites\/4\/2024\/08\/02-DSCF6317-1365x2048.jpg 1365w, https:\/\/mygymbarcelona.com\/es\/wp-content\/uploads\/sites\/4\/2024\/08\/02-DSCF6317-scaled.jpg 1707w\" sizes=\"auto, (max-width: 683px) 100vw, 683px\" \/><\/a><\/figure>\n\n\n\n<figure class=\"wp-block-image size-large\"><a href=\"https:\/\/mygymbarcelona.com\/es\/wp-content\/uploads\/sites\/4\/2024\/08\/03-DSCF2779-scaled.jpg\"><img loading=\"lazy\" decoding=\"async\" width=\"577\" height=\"1024\" data-id=\"689\" src=\"https:\/\/mygymbarcelona.com\/es\/wp-content\/uploads\/sites\/4\/2024\/08\/03-DSCF2779-577x1024.jpg\" alt=\"\" class=\"wp-image-689\" srcset=\"https:\/\/mygymbarcelona.com\/es\/wp-content\/uploads\/sites\/4\/2024\/08\/03-DSCF2779-577x1024.jpg 577w, https:\/\/mygymbarcelona.com\/es\/wp-content\/uploads\/sites\/4\/2024\/08\/03-DSCF2779-169x300.jpg 169w, https:\/\/mygymbarcelona.com\/es\/wp-content\/uploads\/sites\/4\/2024\/08\/03-DSCF2779-768x1363.jpg 768w, https:\/\/mygymbarcelona.com\/es\/wp-content\/uploads\/sites\/4\/2024\/08\/03-DSCF2779-866x1536.jpg 866w, https:\/\/mygymbarcelona.com\/es\/wp-content\/uploads\/sites\/4\/2024\/08\/03-DSCF2779-1154x2048.jpg 1154w, https:\/\/mygymbarcelona.com\/es\/wp-content\/uploads\/sites\/4\/2024\/08\/03-DSCF2779-scaled.jpg 1443w\" sizes=\"auto, (max-width: 577px) 100vw, 577px\" \/><\/a><\/figure>\n\n\n\n<figure class=\"wp-block-image size-large\"><a href=\"https:\/\/mygymbarcelona.com\/es\/wp-content\/uploads\/sites\/4\/2024\/08\/04-DSCF7683-scaled.jpg\"><img loading=\"lazy\" decoding=\"async\" width=\"683\" height=\"1024\" data-id=\"690\" src=\"https:\/\/mygymbarcelona.com\/es\/wp-content\/uploads\/sites\/4\/2024\/08\/04-DSCF7683-683x1024.jpg\" alt=\"\" class=\"wp-image-690\" srcset=\"https:\/\/mygymbarcelona.com\/es\/wp-content\/uploads\/sites\/4\/2024\/08\/04-DSCF7683-683x1024.jpg 683w, https:\/\/mygymbarcelona.com\/es\/wp-content\/uploads\/sites\/4\/2024\/08\/04-DSCF7683-200x300.jpg 200w, https:\/\/mygymbarcelona.com\/es\/wp-content\/uploads\/sites\/4\/2024\/08\/04-DSCF7683-768x1152.jpg 768w, https:\/\/mygymbarcelona.com\/es\/wp-content\/uploads\/sites\/4\/2024\/08\/04-DSCF7683-1024x1536.jpg 1024w, https:\/\/mygymbarcelona.com\/es\/wp-content\/uploads\/sites\/4\/2024\/08\/04-DSCF7683-1365x2048.jpg 1365w, https:\/\/mygymbarcelona.com\/es\/wp-content\/uploads\/sites\/4\/2024\/08\/04-DSCF7683-scaled.jpg 1706w\" sizes=\"auto, (max-width: 683px) 100vw, 683px\" \/><\/a><\/figure>\n<\/figure>\n\n\n\n<h2 class=\"wp-block-heading has-text-align-center has-vivid-green-cyan-color has-text-color\">POR QU\u00c9 ES CONVENIENTE LA GIMNASIA?<\/h2>\n\n\n\n<p>La gimnasia es un deporte que puede despertar f\u00e1cilmente el inter\u00e9s de un\/a ni\u00f1o\/a con diversos ejercicios interesantes y tambi\u00e9n gracias al proceso de entrenamiento. Las clases no causan dificultades especiales a los ni\u00f1os, ya que el proceso de formaci\u00f3n se lleva a cabo de una forma l\u00fadica, pero al mismo tiempo est\u00e1 dirigido a un desarrollo harmonioso de la cualidades f\u00edsicas, el aprendizaje de los elementos de gimnasia y acrob\u00e1ticos, as\u00ed como para conseguir resultados relevantes deportivos.<\/p>\n\n\n\n<p>Gracias a los entrenadores calificados de nuestro club y al trato individualizado con cada ni\u00f1o\/a, los ni\u00f1os y las ni\u00f1as ganan f\u00e1cilmente confianza en ellos, se concentran m\u00e1s en las clases, son m\u00e1s disciplinados, atentos, prestan mayor atenci\u00f3n a las instrucciones del entrenador, lo cual repercute positivamente en los resultados durante el entrenamiento.<\/p>\n\n\n\n<figure class=\"wp-block-gallery has-nested-images columns-4 is-cropped wp-block-gallery-2 is-layout-flex wp-block-gallery-is-layout-flex\">\n<figure class=\"wp-block-image size-large\"><a href=\"https:\/\/mygymbarcelona.com\/es\/wp-content\/uploads\/sites\/4\/2024\/08\/01-DSCF5496-scaled.jpg\"><img loading=\"lazy\" decoding=\"async\" width=\"683\" height=\"1024\" data-id=\"692\" src=\"https:\/\/mygymbarcelona.com\/es\/wp-content\/uploads\/sites\/4\/2024\/08\/01-DSCF5496-683x1024.jpg\" alt=\"\" class=\"wp-image-692\" srcset=\"https:\/\/mygymbarcelona.com\/es\/wp-content\/uploads\/sites\/4\/2024\/08\/01-DSCF5496-683x1024.jpg 683w, https:\/\/mygymbarcelona.com\/es\/wp-content\/uploads\/sites\/4\/2024\/08\/01-DSCF5496-200x300.jpg 200w, https:\/\/mygymbarcelona.com\/es\/wp-content\/uploads\/sites\/4\/2024\/08\/01-DSCF5496-768x1152.jpg 768w, https:\/\/mygymbarcelona.com\/es\/wp-content\/uploads\/sites\/4\/2024\/08\/01-DSCF5496-1024x1536.jpg 1024w, https:\/\/mygymbarcelona.com\/es\/wp-content\/uploads\/sites\/4\/2024\/08\/01-DSCF5496-1366x2048.jpg 1366w, https:\/\/mygymbarcelona.com\/es\/wp-content\/uploads\/sites\/4\/2024\/08\/01-DSCF5496-scaled.jpg 1707w\" sizes=\"auto, (max-width: 683px) 100vw, 683px\" \/><\/a><\/figure>\n\n\n\n<figure class=\"wp-block-image size-large\"><a href=\"https:\/\/mygymbarcelona.com\/es\/wp-content\/uploads\/sites\/4\/2024\/08\/02-DSCF2976-scaled.jpg\"><img loading=\"lazy\" decoding=\"async\" width=\"577\" height=\"1024\" data-id=\"693\" src=\"https:\/\/mygymbarcelona.com\/es\/wp-content\/uploads\/sites\/4\/2024\/08\/02-DSCF2976-577x1024.jpg\" alt=\"\" class=\"wp-image-693\" srcset=\"https:\/\/mygymbarcelona.com\/es\/wp-content\/uploads\/sites\/4\/2024\/08\/02-DSCF2976-577x1024.jpg 577w, https:\/\/mygymbarcelona.com\/es\/wp-content\/uploads\/sites\/4\/2024\/08\/02-DSCF2976-169x300.jpg 169w, https:\/\/mygymbarcelona.com\/es\/wp-content\/uploads\/sites\/4\/2024\/08\/02-DSCF2976-768x1362.jpg 768w, https:\/\/mygymbarcelona.com\/es\/wp-content\/uploads\/sites\/4\/2024\/08\/02-DSCF2976-866x1536.jpg 866w, https:\/\/mygymbarcelona.com\/es\/wp-content\/uploads\/sites\/4\/2024\/08\/02-DSCF2976-1155x2048.jpg 1155w, https:\/\/mygymbarcelona.com\/es\/wp-content\/uploads\/sites\/4\/2024\/08\/02-DSCF2976-scaled.jpg 1443w\" sizes=\"auto, (max-width: 577px) 100vw, 577px\" \/><\/a><\/figure>\n\n\n\n<figure class=\"wp-block-image size-large\"><a href=\"https:\/\/mygymbarcelona.com\/es\/wp-content\/uploads\/sites\/4\/2024\/08\/03-DSCF6439-scaled.jpg\"><img loading=\"lazy\" decoding=\"async\" width=\"683\" height=\"1024\" data-id=\"694\" src=\"https:\/\/mygymbarcelona.com\/es\/wp-content\/uploads\/sites\/4\/2024\/08\/03-DSCF6439-683x1024.jpg\" alt=\"\" class=\"wp-image-694\" srcset=\"https:\/\/mygymbarcelona.com\/es\/wp-content\/uploads\/sites\/4\/2024\/08\/03-DSCF6439-683x1024.jpg 683w, https:\/\/mygymbarcelona.com\/es\/wp-content\/uploads\/sites\/4\/2024\/08\/03-DSCF6439-200x300.jpg 200w, https:\/\/mygymbarcelona.com\/es\/wp-content\/uploads\/sites\/4\/2024\/08\/03-DSCF6439-768x1152.jpg 768w, https:\/\/mygymbarcelona.com\/es\/wp-content\/uploads\/sites\/4\/2024\/08\/03-DSCF6439-1024x1536.jpg 1024w, https:\/\/mygymbarcelona.com\/es\/wp-content\/uploads\/sites\/4\/2024\/08\/03-DSCF6439-1365x2048.jpg 1365w, https:\/\/mygymbarcelona.com\/es\/wp-content\/uploads\/sites\/4\/2024\/08\/03-DSCF6439-scaled.jpg 1707w\" sizes=\"auto, (max-width: 683px) 100vw, 683px\" \/><\/a><\/figure>\n\n\n\n<figure class=\"wp-block-image size-large\"><a href=\"https:\/\/mygymbarcelona.com\/es\/wp-content\/uploads\/sites\/4\/2024\/08\/04-DSCF4780-scaled.jpg\"><img loading=\"lazy\" decoding=\"async\" width=\"577\" height=\"1024\" data-id=\"695\" src=\"https:\/\/mygymbarcelona.com\/es\/wp-content\/uploads\/sites\/4\/2024\/08\/04-DSCF4780-577x1024.jpg\" alt=\"\" class=\"wp-image-695\" srcset=\"https:\/\/mygymbarcelona.com\/es\/wp-content\/uploads\/sites\/4\/2024\/08\/04-DSCF4780-577x1024.jpg 577w, https:\/\/mygymbarcelona.com\/es\/wp-content\/uploads\/sites\/4\/2024\/08\/04-DSCF4780-169x300.jpg 169w, https:\/\/mygymbarcelona.com\/es\/wp-content\/uploads\/sites\/4\/2024\/08\/04-DSCF4780-768x1362.jpg 768w, https:\/\/mygymbarcelona.com\/es\/wp-content\/uploads\/sites\/4\/2024\/08\/04-DSCF4780-866x1536.jpg 866w, https:\/\/mygymbarcelona.com\/es\/wp-content\/uploads\/sites\/4\/2024\/08\/04-DSCF4780-1155x2048.jpg 1155w, https:\/\/mygymbarcelona.com\/es\/wp-content\/uploads\/sites\/4\/2024\/08\/04-DSCF4780-scaled.jpg 1443w\" sizes=\"auto, (max-width: 577px) 100vw, 577px\" \/><\/a><\/figure>\n<\/figure>\n\n\n\n<h2 class=\"wp-block-heading has-text-align-center has-vivid-green-cyan-color has-text-color\">QU\u00c9 DEBEN DE SABER LOS PADRES?<\/h2>\n\n\n\n<p>Para edades comprendidas entre los 1,5 y 2 a\u00f1os., las clases se imparten en compa\u00f1\u00eda de los padres y un entrenador.<\/p>\n\n\n\n<p>A partir de los 3 a\u00f1os s\u00f3lo bajo la direcci\u00f3n de un entrenador.<\/p>\n\n\n\n<p>Entrenamientos personales y familiares disponibles<\/p>\n\n\n\n<p>Cualquier ni\u00f1o\/a puede hacer gimnasia<\/p>\n\n\n\n<p>La duraci\u00f3n de un entrenamiento es de 50 minutos<\/p>\n","protected":false},"excerpt":{"rendered":"<p>NUESTRO OBJETIVO NO FORZAR AL NI\u00d1O\/A, SINO AYUDARLE A QUE CREE NADA M\u00c1S BUENOS H\u00c1BITOS Y SE FORME UNA PERCEPCI\u00d3N CORRECTA DEL DEPORTE. A una edad temprana, los ni\u00f1os y las ni\u00f1as no deben de estar sometidos a gran presi\u00f3n y el entrenamiento no debe de convertirse en una experiencia frustrante. Esto podr\u00eda tener un [&hellip;]<\/p>\n","protected":false},"author":1,"featured_media":0,"parent":0,"menu_order":0,"comment_status":"open","ping_status":"closed","template":"","meta":{"footnotes":""},"class_list":["post-72","page","type-page","status-publish","hentry"],"yoast_head":"<!-- This site is optimized with the Yoast SEO plugin v27.2 - https:\/\/yoast.com\/product\/yoast-seo-wordpress\/ -->\n<title>Acerca de nuestro centro de gimnasia infantil MyGym Barcelona<\/title>\n<meta name=\"description\" content=\"Las clases gimnasia se llevan a cabo en un moderno y acogedor centro de gimnasia dotado de equipamientos dise\u00f1ados espec\u00edficamente para ni\u00f1os (colchonetas, trampolinas, anillas, escaleras, barras, piscinas de espuma, etc.)\" \/>\n<meta name=\"robots\" content=\"index, follow, max-snippet:-1, max-image-preview:large, max-video-preview:-1\" \/>\n<link rel=\"canonical\" href=\"https:\/\/mygymbarcelona.com\/es\/sobre-nosaltres\/\" \/>\n<meta property=\"og:type\" content=\"article\" \/>\n<meta property=\"og:title\" content=\"Acerca de nuestro centro de gimnasia infantil MyGym Barcelona\" \/>\n<meta property=\"og:description\" content=\"Las clases gimnasia se llevan a cabo en un moderno y acogedor centro de gimnasia dotado de equipamientos dise\u00f1ados espec\u00edficamente para ni\u00f1os (colchonetas, trampolinas, anillas, escaleras, barras, piscinas de espuma, etc.)\" \/>\n<meta property=\"og:url\" content=\"https:\/\/mygymbarcelona.com\/es\/sobre-nosaltres\/\" \/>\n<meta property=\"og:site_name\" content=\"MyGym Barcelona (es)\" \/>\n<meta property=\"article:modified_time\" content=\"2024-12-09T20:13:55+00:00\" \/>\n<meta property=\"og:image\" content=\"https:\/\/mygymbarcelona.com\/es\/wp-content\/uploads\/sites\/4\/2024\/08\/01-DSCF3734-scaled.jpg\" \/>\n\t<meta property=\"og:image:width\" content=\"1443\" \/>\n\t<meta property=\"og:image:height\" content=\"2560\" \/>\n\t<meta property=\"og:image:type\" content=\"image\/jpeg\" \/>\n<meta name=\"twitter:card\" content=\"summary_large_image\" \/>\n<meta name=\"twitter:label1\" content=\"\u041f\u0440\u0438\u043c\u0435\u0440\u043d\u043e\u0435 \u0432\u0440\u0435\u043c\u044f \u0434\u043b\u044f \u0447\u0442\u0435\u043d\u0438\u044f\" \/>\n\t<meta name=\"twitter:data1\" content=\"4 \u043c\u0438\u043d\u0443\u0442\u044b\" \/>\n<script type=\"application\/ld+json\" class=\"yoast-schema-graph\">{\"@context\":\"https:\/\/schema.org\",\"@graph\":[{\"@type\":\"WebPage\",\"@id\":\"https:\/\/mygymbarcelona.com\/es\/sobre-nosaltres\/\",\"url\":\"https:\/\/mygymbarcelona.com\/es\/sobre-nosaltres\/\",\"name\":\"Acerca de nuestro centro de gimnasia infantil MyGym Barcelona\",\"isPartOf\":{\"@id\":\"https:\/\/mygymbarcelona.com\/es\/#website\"},\"primaryImageOfPage\":{\"@id\":\"https:\/\/mygymbarcelona.com\/es\/sobre-nosaltres\/#primaryimage\"},\"image\":{\"@id\":\"https:\/\/mygymbarcelona.com\/es\/sobre-nosaltres\/#primaryimage\"},\"thumbnailUrl\":\"https:\/\/mygymbarcelona.com\/es\/wp-content\/uploads\/sites\/4\/2024\/08\/01-DSCF3734-577x1024.jpg\",\"datePublished\":\"2023-10-20T10:52:16+00:00\",\"dateModified\":\"2024-12-09T20:13:55+00:00\",\"description\":\"Las clases gimnasia se llevan a cabo en un moderno y acogedor centro de gimnasia dotado de equipamientos dise\u00f1ados espec\u00edficamente para ni\u00f1os (colchonetas, trampolinas, anillas, escaleras, barras, piscinas de espuma, etc.)\",\"breadcrumb\":{\"@id\":\"https:\/\/mygymbarcelona.com\/es\/sobre-nosaltres\/#breadcrumb\"},\"inLanguage\":\"ru-RU\",\"potentialAction\":[{\"@type\":\"ReadAction\",\"target\":[\"https:\/\/mygymbarcelona.com\/es\/sobre-nosaltres\/\"]}]},{\"@type\":\"ImageObject\",\"inLanguage\":\"ru-RU\",\"@id\":\"https:\/\/mygymbarcelona.com\/es\/sobre-nosaltres\/#primaryimage\",\"url\":\"https:\/\/mygymbarcelona.com\/es\/wp-content\/uploads\/sites\/4\/2024\/08\/01-DSCF3734-scaled.jpg\",\"contentUrl\":\"https:\/\/mygymbarcelona.com\/es\/wp-content\/uploads\/sites\/4\/2024\/08\/01-DSCF3734-scaled.jpg\",\"width\":1443,\"height\":2560},{\"@type\":\"BreadcrumbList\",\"@id\":\"https:\/\/mygymbarcelona.com\/es\/sobre-nosaltres\/#breadcrumb\",\"itemListElement\":[{\"@type\":\"ListItem\",\"position\":1,\"name\":\"\u0413\u043b\u0430\u0432\u043d\u0430\u044f \u0441\u0442\u0440\u0430\u043d\u0438\u0446\u0430\",\"item\":\"https:\/\/mygymbarcelona.com\/es\/\"},{\"@type\":\"ListItem\",\"position\":2,\"name\":\"Sobre nosotros\"}]},{\"@type\":\"WebSite\",\"@id\":\"https:\/\/mygymbarcelona.com\/es\/#website\",\"url\":\"https:\/\/mygymbarcelona.com\/es\/\",\"name\":\"MyGym Barcelona\",\"description\":\"\",\"publisher\":{\"@id\":\"https:\/\/mygymbarcelona.com\/es\/#organization\"},\"alternateName\":\"MyGym\",\"potentialAction\":[{\"@type\":\"SearchAction\",\"target\":{\"@type\":\"EntryPoint\",\"urlTemplate\":\"https:\/\/mygymbarcelona.com\/es\/?s={search_term_string}\"},\"query-input\":{\"@type\":\"PropertyValueSpecification\",\"valueRequired\":true,\"valueName\":\"search_term_string\"}}],\"inLanguage\":\"ru-RU\"},{\"@type\":\"Organization\",\"@id\":\"https:\/\/mygymbarcelona.com\/es\/#organization\",\"name\":\"MyGym Barcelona\",\"url\":\"https:\/\/mygymbarcelona.com\/es\/\",\"logo\":{\"@type\":\"ImageObject\",\"inLanguage\":\"ru-RU\",\"@id\":\"https:\/\/mygymbarcelona.com\/es\/#\/schema\/logo\/image\/\",\"url\":\"https:\/\/mygymbarcelona.com\/es\/wp-content\/uploads\/sites\/4\/2023\/10\/logo.png\",\"contentUrl\":\"https:\/\/mygymbarcelona.com\/es\/wp-content\/uploads\/sites\/4\/2023\/10\/logo.png\",\"width\":150,\"height\":146,\"caption\":\"MyGym Barcelona\"},\"image\":{\"@id\":\"https:\/\/mygymbarcelona.com\/es\/#\/schema\/logo\/image\/\"}}]}<\/script>\n<!-- \/ Yoast SEO plugin. -->","yoast_head_json":{"title":"Acerca de nuestro centro de gimnasia infantil MyGym Barcelona","description":"Las clases gimnasia se llevan a cabo en un moderno y acogedor centro de gimnasia dotado de equipamientos dise\u00f1ados espec\u00edficamente para ni\u00f1os (colchonetas, trampolinas, anillas, escaleras, barras, piscinas de espuma, etc.)","robots":{"index":"index","follow":"follow","max-snippet":"max-snippet:-1","max-image-preview":"max-image-preview:large","max-video-preview":"max-video-preview:-1"},"canonical":"https:\/\/mygymbarcelona.com\/es\/sobre-nosaltres\/","og_type":"article","og_title":"Acerca de nuestro centro de gimnasia infantil MyGym Barcelona","og_description":"Las clases gimnasia se llevan a cabo en un moderno y acogedor centro de gimnasia dotado de equipamientos dise\u00f1ados espec\u00edficamente para ni\u00f1os (colchonetas, trampolinas, anillas, escaleras, barras, piscinas de espuma, etc.)","og_url":"https:\/\/mygymbarcelona.com\/es\/sobre-nosaltres\/","og_site_name":"MyGym Barcelona (es)","article_modified_time":"2024-12-09T20:13:55+00:00","og_image":[{"width":1443,"height":2560,"url":"https:\/\/mygymbarcelona.com\/es\/wp-content\/uploads\/sites\/4\/2024\/08\/01-DSCF3734-scaled.jpg","type":"image\/jpeg"}],"twitter_card":"summary_large_image","twitter_misc":{"\u041f\u0440\u0438\u043c\u0435\u0440\u043d\u043e\u0435 \u0432\u0440\u0435\u043c\u044f \u0434\u043b\u044f \u0447\u0442\u0435\u043d\u0438\u044f":"4 \u043c\u0438\u043d\u0443\u0442\u044b"},"schema":{"@context":"https:\/\/schema.org","@graph":[{"@type":"WebPage","@id":"https:\/\/mygymbarcelona.com\/es\/sobre-nosaltres\/","url":"https:\/\/mygymbarcelona.com\/es\/sobre-nosaltres\/","name":"Acerca de nuestro centro de gimnasia infantil MyGym Barcelona","isPartOf":{"@id":"https:\/\/mygymbarcelona.com\/es\/#website"},"primaryImageOfPage":{"@id":"https:\/\/mygymbarcelona.com\/es\/sobre-nosaltres\/#primaryimage"},"image":{"@id":"https:\/\/mygymbarcelona.com\/es\/sobre-nosaltres\/#primaryimage"},"thumbnailUrl":"https:\/\/mygymbarcelona.com\/es\/wp-content\/uploads\/sites\/4\/2024\/08\/01-DSCF3734-577x1024.jpg","datePublished":"2023-10-20T10:52:16+00:00","dateModified":"2024-12-09T20:13:55+00:00","description":"Las clases gimnasia se llevan a cabo en un moderno y acogedor centro de gimnasia dotado de equipamientos dise\u00f1ados espec\u00edficamente para ni\u00f1os (colchonetas, trampolinas, anillas, escaleras, barras, piscinas de espuma, etc.)","breadcrumb":{"@id":"https:\/\/mygymbarcelona.com\/es\/sobre-nosaltres\/#breadcrumb"},"inLanguage":"ru-RU","potentialAction":[{"@type":"ReadAction","target":["https:\/\/mygymbarcelona.com\/es\/sobre-nosaltres\/"]}]},{"@type":"ImageObject","inLanguage":"ru-RU","@id":"https:\/\/mygymbarcelona.com\/es\/sobre-nosaltres\/#primaryimage","url":"https:\/\/mygymbarcelona.com\/es\/wp-content\/uploads\/sites\/4\/2024\/08\/01-DSCF3734-scaled.jpg","contentUrl":"https:\/\/mygymbarcelona.com\/es\/wp-content\/uploads\/sites\/4\/2024\/08\/01-DSCF3734-scaled.jpg","width":1443,"height":2560},{"@type":"BreadcrumbList","@id":"https:\/\/mygymbarcelona.com\/es\/sobre-nosaltres\/#breadcrumb","itemListElement":[{"@type":"ListItem","position":1,"name":"\u0413\u043b\u0430\u0432\u043d\u0430\u044f \u0441\u0442\u0440\u0430\u043d\u0438\u0446\u0430","item":"https:\/\/mygymbarcelona.com\/es\/"},{"@type":"ListItem","position":2,"name":"Sobre nosotros"}]},{"@type":"WebSite","@id":"https:\/\/mygymbarcelona.com\/es\/#website","url":"https:\/\/mygymbarcelona.com\/es\/","name":"MyGym Barcelona","description":"","publisher":{"@id":"https:\/\/mygymbarcelona.com\/es\/#organization"},"alternateName":"MyGym","potentialAction":[{"@type":"SearchAction","target":{"@type":"EntryPoint","urlTemplate":"https:\/\/mygymbarcelona.com\/es\/?s={search_term_string}"},"query-input":{"@type":"PropertyValueSpecification","valueRequired":true,"valueName":"search_term_string"}}],"inLanguage":"ru-RU"},{"@type":"Organization","@id":"https:\/\/mygymbarcelona.com\/es\/#organization","name":"MyGym Barcelona","url":"https:\/\/mygymbarcelona.com\/es\/","logo":{"@type":"ImageObject","inLanguage":"ru-RU","@id":"https:\/\/mygymbarcelona.com\/es\/#\/schema\/logo\/image\/","url":"https:\/\/mygymbarcelona.com\/es\/wp-content\/uploads\/sites\/4\/2023\/10\/logo.png","contentUrl":"https:\/\/mygymbarcelona.com\/es\/wp-content\/uploads\/sites\/4\/2023\/10\/logo.png","width":150,"height":146,"caption":"MyGym Barcelona"},"image":{"@id":"https:\/\/mygymbarcelona.com\/es\/#\/schema\/logo\/image\/"}}]}},"_links":{"self":[{"href":"https:\/\/mygymbarcelona.com\/es\/wp-json\/wp\/v2\/pages\/72","targetHints":{"allow":["GET"]}}],"collection":[{"href":"https:\/\/mygymbarcelona.com\/es\/wp-json\/wp\/v2\/pages"}],"about":[{"href":"https:\/\/mygymbarcelona.com\/es\/wp-json\/wp\/v2\/types\/page"}],"author":[{"embeddable":true,"href":"https:\/\/mygymbarcelona.com\/es\/wp-json\/wp\/v2\/users\/1"}],"replies":[{"embeddable":true,"href":"https:\/\/mygymbarcelona.com\/es\/wp-json\/wp\/v2\/comments?post=72"}],"version-history":[{"count":3,"href":"https:\/\/mygymbarcelona.com\/es\/wp-json\/wp\/v2\/pages\/72\/revisions"}],"predecessor-version":[{"id":1018,"href":"https:\/\/mygymbarcelona.com\/es\/wp-json\/wp\/v2\/pages\/72\/revisions\/1018"}],"wp:attachment":[{"href":"https:\/\/mygymbarcelona.com\/es\/wp-json\/wp\/v2\/media?parent=72"}],"curies":[{"name":"wp","href":"https:\/\/api.w.org\/{rel}","templated":true}]}}