{"id":68,"date":"2023-10-20T13:52:16","date_gmt":"2023-10-20T10:52:16","guid":{"rendered":"http:\/\/dev-mygymbarcelona.local\/es\/http-dev-mygymbarcelona-local-franquicia\/"},"modified":"2025-06-20T13:59:40","modified_gmt":"2025-06-20T10:59:40","slug":"franquicia","status":"publish","type":"page","link":"https:\/\/mygymbarcelona.com\/es\/franquicia\/","title":{"rendered":"Franquicia"},"content":{"rendered":"\n<h2 class=\"wp-block-heading has-text-align-center has-vivid-red-color has-text-color\">PUEDES FORMAR PARTE DEL EQUIPO MYGYM<\/h2>\n\n\n\n<p class=\"has-text-align-center\">MYGYM es una red de clubs de gimnasia de desarrollo, el m\u00e9todo europeo m\u00e1s popular para el desarrollo f\u00edsico de los ninos. Se realizan clases para ninos y ni\u00f1as a partir de los 1,5 a\u00f1os y adolescentes. Nuestro club se preocupa por el futuro sano y feliz de las nuevas generaciones. Es un equipo de profesionales que sienten una pasi\u00f3n infinita por su labor. Nuestra franqu\u00edcia oferece un inicio f\u00e0cil para la apertura y el desarrollo del negocio.<\/p>\n\n\n\n<p class=\"has-text-align-center\">Producci\u00f3n de equipos de gimnasia de acuerdo con las normes europees. Vendemos equipos de calidad con un alto nivel de seguridad garantizando la m\u00e1s prologanda vida \u00fatil possible al major precio. Esperamos persones con<\/p>\n\n\n\n<p class=\"has-text-align-center\">idees afines a nuestro equipo!<\/p>\n\n\n\n<p class=\"has-text-align-center has-vivid-red-color has-text-color\">&nbsp;LLAME AL:&nbsp;<a class=\"js-link-phone\" href=\"tel:+34681999998\">+34 681 999 998<\/a><\/p>\n\n\n<div class=\"wp-block-image stl-img-round\">\n<figure class=\"aligncenter size-full\"><img loading=\"lazy\" decoding=\"async\" width=\"683\" height=\"1024\" src=\"https:\/\/mygymbarcelona.com\/es\/wp-content\/uploads\/sites\/4\/2024\/08\/1.jpg\" alt=\"\" class=\"wp-image-755\" srcset=\"https:\/\/mygymbarcelona.com\/es\/wp-content\/uploads\/sites\/4\/2024\/08\/1.jpg 683w, https:\/\/mygymbarcelona.com\/es\/wp-content\/uploads\/sites\/4\/2024\/08\/1-200x300.jpg 200w\" sizes=\"auto, (max-width: 683px) 100vw, 683px\" \/><\/figure>\n<\/div>\n\n\n<h2 class=\"wp-block-heading has-text-align-center has-vivid-red-color has-text-color\">MYGYM NO ES TAN S\u00d3LO UNA EXITOSA CADENA DE CLUBS PARA NI\u00d1OS, SINO TAMBI\u00c9N UN GRAN NEGOCIO.<\/h2>\n\n\n\n<p class=\"has-text-align-center\">Os asesoraremos paso a paso sobre las peculiaridades de hacer negocios en el \u00e1mbito de la gimnasia infantil. Os evitaremos los errores principales que la mayor\u00eda de la gente comete al abrir su primer centro gimn\u00e1stico.<br>M\u00e1s de 2000 clientes utilizan nuestros servicios. Somo conscientes de la importancia de ser responsbles y estamos dispuestos a compartir nuestra experiencia con los dem\u00e1s<\/p>\n\n\n<div class=\"wp-block-image stl-img-round\">\n<figure class=\"aligncenter size-full\"><img loading=\"lazy\" decoding=\"async\" width=\"683\" height=\"1024\" src=\"https:\/\/mygymbarcelona.com\/es\/wp-content\/uploads\/sites\/4\/2024\/08\/2.jpg\" alt=\"\" class=\"wp-image-756\" srcset=\"https:\/\/mygymbarcelona.com\/es\/wp-content\/uploads\/sites\/4\/2024\/08\/2.jpg 683w, https:\/\/mygymbarcelona.com\/es\/wp-content\/uploads\/sites\/4\/2024\/08\/2-200x300.jpg 200w\" sizes=\"auto, (max-width: 683px) 100vw, 683px\" \/><\/figure>\n<\/div>\n\n\n<h2 class=\"wp-block-heading has-text-align-center has-vivid-green-cyan-color has-text-color\">NUESTROS CENTROS<\/h2>\n\n\n\n<p class=\"has-text-align-center\">El Club de Gimnasia Infantil MYGYV es una red de clubs deportivos en desarrollo permanente.<\/p>\n\n\n\n<p class=\"has-text-align-center\">Todas nuestras salas est\u00e1n equipadas con material profesional, que se caracteriza por una mayor seguridad, funcionalidad y colores vivos que atraen a los ni\u00f1os.<\/p>\n\n\n<div class=\"wp-block-image stl-img-round\">\n<figure class=\"aligncenter size-large\"><img loading=\"lazy\" decoding=\"async\" width=\"577\" height=\"1024\" src=\"https:\/\/mygymbarcelona.com\/es\/wp-content\/uploads\/sites\/4\/2024\/08\/3-1-577x1024.jpg\" alt=\"\" class=\"wp-image-757\" srcset=\"https:\/\/mygymbarcelona.com\/es\/wp-content\/uploads\/sites\/4\/2024\/08\/3-1-577x1024.jpg 577w, https:\/\/mygymbarcelona.com\/es\/wp-content\/uploads\/sites\/4\/2024\/08\/3-1-169x300.jpg 169w, https:\/\/mygymbarcelona.com\/es\/wp-content\/uploads\/sites\/4\/2024\/08\/3-1-768x1362.jpg 768w, https:\/\/mygymbarcelona.com\/es\/wp-content\/uploads\/sites\/4\/2024\/08\/3-1-866x1536.jpg 866w, https:\/\/mygymbarcelona.com\/es\/wp-content\/uploads\/sites\/4\/2024\/08\/3-1.jpg 914w\" sizes=\"auto, (max-width: 577px) 100vw, 577px\" \/><\/figure>\n<\/div>\n\n\n<h2 class=\"wp-block-heading has-text-align-center\">CONSULTA<\/h2>\n\n\n\n<p class=\"has-text-align-center\">Pida informaci\u00f3n y una estimaci\u00f3n de los beneficios en su zona. <br>Nuestro especialista os informar\u00e1 detalladamente sobre la franquicia y resolver\u00e1 sus preguntas.<\/p>\n\n\n<div class=\"wp-block-image stl-img-round\">\n<figure class=\"aligncenter size-large\"><img loading=\"lazy\" decoding=\"async\" width=\"605\" height=\"1074\" src=\"https:\/\/mygymbarcelona.com\/es\/wp-content\/uploads\/sites\/4\/2024\/08\/4-577x1024.jpg\" alt=\"\" class=\"wp-image-758\" srcset=\"https:\/\/mygymbarcelona.com\/es\/wp-content\/uploads\/sites\/4\/2024\/08\/4-577x1024.jpg 577w, https:\/\/mygymbarcelona.com\/es\/wp-content\/uploads\/sites\/4\/2024\/08\/4-169x300.jpg 169w, https:\/\/mygymbarcelona.com\/es\/wp-content\/uploads\/sites\/4\/2024\/08\/4.jpg 605w\" sizes=\"auto, (max-width: 605px) 100vw, 605px\" \/><\/figure>\n<\/div>","protected":false},"excerpt":{"rendered":"<p>PUEDES FORMAR PARTE DEL EQUIPO MYGYM MYGYM es una red de clubs de gimnasia de desarrollo, el m\u00e9todo europeo m\u00e1s popular para el desarrollo f\u00edsico de los ninos. Se realizan clases para ninos y ni\u00f1as a partir de los 1,5 a\u00f1os y adolescentes. Nuestro club se preocupa por el futuro sano y feliz de las [&hellip;]<\/p>\n","protected":false},"author":1,"featured_media":0,"parent":0,"menu_order":0,"comment_status":"open","ping_status":"closed","template":"","meta":{"footnotes":""},"class_list":["post-68","page","type-page","status-publish","hentry"],"yoast_head":"<!-- This site is optimized with the Yoast SEO plugin v27.2 - https:\/\/yoast.com\/product\/yoast-seo-wordpress\/ -->\n<title>Franquicia nuestro centro de gimnasia infantil MyGym Barcelona<\/title>\n<meta name=\"description\" content=\"MyGym es una red de clubes de gimnasia de desarrollo, el m\u00e9todo europeo m\u00e1s popular para el desarrollo f\u00edsico de ni\u00f1os. Nuestra franquicia ofrece un f\u00e1cil comienzo para la apertura y desarrollo del negocio.\" \/>\n<meta name=\"robots\" content=\"index, follow, max-snippet:-1, max-image-preview:large, max-video-preview:-1\" \/>\n<link rel=\"canonical\" href=\"https:\/\/mygymbarcelona.com\/es\/franquicia\/\" \/>\n<meta property=\"og:type\" content=\"article\" \/>\n<meta property=\"og:title\" content=\"Franquicia nuestro centro de gimnasia infantil MyGym Barcelona\" \/>\n<meta property=\"og:description\" content=\"MyGym es una red de clubes de gimnasia de desarrollo, el m\u00e9todo europeo m\u00e1s popular para el desarrollo f\u00edsico de ni\u00f1os. Nuestra franquicia ofrece un f\u00e1cil comienzo para la apertura y desarrollo del negocio.\" \/>\n<meta property=\"og:url\" content=\"https:\/\/mygymbarcelona.com\/es\/franquicia\/\" \/>\n<meta property=\"og:site_name\" content=\"MyGym Barcelona (es)\" \/>\n<meta property=\"article:modified_time\" content=\"2025-06-20T10:59:40+00:00\" \/>\n<meta property=\"og:image\" content=\"https:\/\/mygymbarcelona.com\/es\/wp-content\/uploads\/sites\/4\/2024\/08\/1.jpg\" \/>\n\t<meta property=\"og:image:width\" content=\"683\" \/>\n\t<meta property=\"og:image:height\" content=\"1024\" \/>\n\t<meta property=\"og:image:type\" content=\"image\/jpeg\" \/>\n<meta name=\"twitter:card\" content=\"summary_large_image\" \/>\n<meta name=\"twitter:label1\" content=\"\u041f\u0440\u0438\u043c\u0435\u0440\u043d\u043e\u0435 \u0432\u0440\u0435\u043c\u044f \u0434\u043b\u044f \u0447\u0442\u0435\u043d\u0438\u044f\" \/>\n\t<meta name=\"twitter:data1\" content=\"3 \u043c\u0438\u043d\u0443\u0442\u044b\" \/>\n<script type=\"application\/ld+json\" class=\"yoast-schema-graph\">{\"@context\":\"https:\/\/schema.org\",\"@graph\":[{\"@type\":\"WebPage\",\"@id\":\"https:\/\/mygymbarcelona.com\/es\/franquicia\/\",\"url\":\"https:\/\/mygymbarcelona.com\/es\/franquicia\/\",\"name\":\"Franquicia nuestro centro de gimnasia infantil MyGym Barcelona\",\"isPartOf\":{\"@id\":\"https:\/\/mygymbarcelona.com\/es\/#website\"},\"primaryImageOfPage\":{\"@id\":\"https:\/\/mygymbarcelona.com\/es\/franquicia\/#primaryimage\"},\"image\":{\"@id\":\"https:\/\/mygymbarcelona.com\/es\/franquicia\/#primaryimage\"},\"thumbnailUrl\":\"https:\/\/mygymbarcelona.com\/es\/wp-content\/uploads\/sites\/4\/2024\/08\/1.jpg\",\"datePublished\":\"2023-10-20T10:52:16+00:00\",\"dateModified\":\"2025-06-20T10:59:40+00:00\",\"description\":\"MyGym es una red de clubes de gimnasia de desarrollo, el m\u00e9todo europeo m\u00e1s popular para el desarrollo f\u00edsico de ni\u00f1os. Nuestra franquicia ofrece un f\u00e1cil comienzo para la apertura y desarrollo del negocio.\",\"breadcrumb\":{\"@id\":\"https:\/\/mygymbarcelona.com\/es\/franquicia\/#breadcrumb\"},\"inLanguage\":\"ru-RU\",\"potentialAction\":[{\"@type\":\"ReadAction\",\"target\":[\"https:\/\/mygymbarcelona.com\/es\/franquicia\/\"]}]},{\"@type\":\"ImageObject\",\"inLanguage\":\"ru-RU\",\"@id\":\"https:\/\/mygymbarcelona.com\/es\/franquicia\/#primaryimage\",\"url\":\"https:\/\/mygymbarcelona.com\/es\/wp-content\/uploads\/sites\/4\/2024\/08\/1.jpg\",\"contentUrl\":\"https:\/\/mygymbarcelona.com\/es\/wp-content\/uploads\/sites\/4\/2024\/08\/1.jpg\",\"width\":683,\"height\":1024},{\"@type\":\"BreadcrumbList\",\"@id\":\"https:\/\/mygymbarcelona.com\/es\/franquicia\/#breadcrumb\",\"itemListElement\":[{\"@type\":\"ListItem\",\"position\":1,\"name\":\"\u0413\u043b\u0430\u0432\u043d\u0430\u044f \u0441\u0442\u0440\u0430\u043d\u0438\u0446\u0430\",\"item\":\"https:\/\/mygymbarcelona.com\/es\/\"},{\"@type\":\"ListItem\",\"position\":2,\"name\":\"Franquicia\"}]},{\"@type\":\"WebSite\",\"@id\":\"https:\/\/mygymbarcelona.com\/es\/#website\",\"url\":\"https:\/\/mygymbarcelona.com\/es\/\",\"name\":\"MyGym Barcelona\",\"description\":\"\",\"publisher\":{\"@id\":\"https:\/\/mygymbarcelona.com\/es\/#organization\"},\"alternateName\":\"MyGym\",\"potentialAction\":[{\"@type\":\"SearchAction\",\"target\":{\"@type\":\"EntryPoint\",\"urlTemplate\":\"https:\/\/mygymbarcelona.com\/es\/?s={search_term_string}\"},\"query-input\":{\"@type\":\"PropertyValueSpecification\",\"valueRequired\":true,\"valueName\":\"search_term_string\"}}],\"inLanguage\":\"ru-RU\"},{\"@type\":\"Organization\",\"@id\":\"https:\/\/mygymbarcelona.com\/es\/#organization\",\"name\":\"MyGym Barcelona\",\"url\":\"https:\/\/mygymbarcelona.com\/es\/\",\"logo\":{\"@type\":\"ImageObject\",\"inLanguage\":\"ru-RU\",\"@id\":\"https:\/\/mygymbarcelona.com\/es\/#\/schema\/logo\/image\/\",\"url\":\"https:\/\/mygymbarcelona.com\/es\/wp-content\/uploads\/sites\/4\/2023\/10\/logo.png\",\"contentUrl\":\"https:\/\/mygymbarcelona.com\/es\/wp-content\/uploads\/sites\/4\/2023\/10\/logo.png\",\"width\":150,\"height\":146,\"caption\":\"MyGym Barcelona\"},\"image\":{\"@id\":\"https:\/\/mygymbarcelona.com\/es\/#\/schema\/logo\/image\/\"}}]}<\/script>\n<!-- \/ Yoast SEO plugin. -->","yoast_head_json":{"title":"Franquicia nuestro centro de gimnasia infantil MyGym Barcelona","description":"MyGym es una red de clubes de gimnasia de desarrollo, el m\u00e9todo europeo m\u00e1s popular para el desarrollo f\u00edsico de ni\u00f1os. Nuestra franquicia ofrece un f\u00e1cil comienzo para la apertura y desarrollo del negocio.","robots":{"index":"index","follow":"follow","max-snippet":"max-snippet:-1","max-image-preview":"max-image-preview:large","max-video-preview":"max-video-preview:-1"},"canonical":"https:\/\/mygymbarcelona.com\/es\/franquicia\/","og_type":"article","og_title":"Franquicia nuestro centro de gimnasia infantil MyGym Barcelona","og_description":"MyGym es una red de clubes de gimnasia de desarrollo, el m\u00e9todo europeo m\u00e1s popular para el desarrollo f\u00edsico de ni\u00f1os. Nuestra franquicia ofrece un f\u00e1cil comienzo para la apertura y desarrollo del negocio.","og_url":"https:\/\/mygymbarcelona.com\/es\/franquicia\/","og_site_name":"MyGym Barcelona (es)","article_modified_time":"2025-06-20T10:59:40+00:00","og_image":[{"width":683,"height":1024,"url":"https:\/\/mygymbarcelona.com\/es\/wp-content\/uploads\/sites\/4\/2024\/08\/1.jpg","type":"image\/jpeg"}],"twitter_card":"summary_large_image","twitter_misc":{"\u041f\u0440\u0438\u043c\u0435\u0440\u043d\u043e\u0435 \u0432\u0440\u0435\u043c\u044f \u0434\u043b\u044f \u0447\u0442\u0435\u043d\u0438\u044f":"3 \u043c\u0438\u043d\u0443\u0442\u044b"},"schema":{"@context":"https:\/\/schema.org","@graph":[{"@type":"WebPage","@id":"https:\/\/mygymbarcelona.com\/es\/franquicia\/","url":"https:\/\/mygymbarcelona.com\/es\/franquicia\/","name":"Franquicia nuestro centro de gimnasia infantil MyGym Barcelona","isPartOf":{"@id":"https:\/\/mygymbarcelona.com\/es\/#website"},"primaryImageOfPage":{"@id":"https:\/\/mygymbarcelona.com\/es\/franquicia\/#primaryimage"},"image":{"@id":"https:\/\/mygymbarcelona.com\/es\/franquicia\/#primaryimage"},"thumbnailUrl":"https:\/\/mygymbarcelona.com\/es\/wp-content\/uploads\/sites\/4\/2024\/08\/1.jpg","datePublished":"2023-10-20T10:52:16+00:00","dateModified":"2025-06-20T10:59:40+00:00","description":"MyGym es una red de clubes de gimnasia de desarrollo, el m\u00e9todo europeo m\u00e1s popular para el desarrollo f\u00edsico de ni\u00f1os. Nuestra franquicia ofrece un f\u00e1cil comienzo para la apertura y desarrollo del negocio.","breadcrumb":{"@id":"https:\/\/mygymbarcelona.com\/es\/franquicia\/#breadcrumb"},"inLanguage":"ru-RU","potentialAction":[{"@type":"ReadAction","target":["https:\/\/mygymbarcelona.com\/es\/franquicia\/"]}]},{"@type":"ImageObject","inLanguage":"ru-RU","@id":"https:\/\/mygymbarcelona.com\/es\/franquicia\/#primaryimage","url":"https:\/\/mygymbarcelona.com\/es\/wp-content\/uploads\/sites\/4\/2024\/08\/1.jpg","contentUrl":"https:\/\/mygymbarcelona.com\/es\/wp-content\/uploads\/sites\/4\/2024\/08\/1.jpg","width":683,"height":1024},{"@type":"BreadcrumbList","@id":"https:\/\/mygymbarcelona.com\/es\/franquicia\/#breadcrumb","itemListElement":[{"@type":"ListItem","position":1,"name":"\u0413\u043b\u0430\u0432\u043d\u0430\u044f \u0441\u0442\u0440\u0430\u043d\u0438\u0446\u0430","item":"https:\/\/mygymbarcelona.com\/es\/"},{"@type":"ListItem","position":2,"name":"Franquicia"}]},{"@type":"WebSite","@id":"https:\/\/mygymbarcelona.com\/es\/#website","url":"https:\/\/mygymbarcelona.com\/es\/","name":"MyGym Barcelona","description":"","publisher":{"@id":"https:\/\/mygymbarcelona.com\/es\/#organization"},"alternateName":"MyGym","potentialAction":[{"@type":"SearchAction","target":{"@type":"EntryPoint","urlTemplate":"https:\/\/mygymbarcelona.com\/es\/?s={search_term_string}"},"query-input":{"@type":"PropertyValueSpecification","valueRequired":true,"valueName":"search_term_string"}}],"inLanguage":"ru-RU"},{"@type":"Organization","@id":"https:\/\/mygymbarcelona.com\/es\/#organization","name":"MyGym Barcelona","url":"https:\/\/mygymbarcelona.com\/es\/","logo":{"@type":"ImageObject","inLanguage":"ru-RU","@id":"https:\/\/mygymbarcelona.com\/es\/#\/schema\/logo\/image\/","url":"https:\/\/mygymbarcelona.com\/es\/wp-content\/uploads\/sites\/4\/2023\/10\/logo.png","contentUrl":"https:\/\/mygymbarcelona.com\/es\/wp-content\/uploads\/sites\/4\/2023\/10\/logo.png","width":150,"height":146,"caption":"MyGym Barcelona"},"image":{"@id":"https:\/\/mygymbarcelona.com\/es\/#\/schema\/logo\/image\/"}}]}},"_links":{"self":[{"href":"https:\/\/mygymbarcelona.com\/es\/wp-json\/wp\/v2\/pages\/68","targetHints":{"allow":["GET"]}}],"collection":[{"href":"https:\/\/mygymbarcelona.com\/es\/wp-json\/wp\/v2\/pages"}],"about":[{"href":"https:\/\/mygymbarcelona.com\/es\/wp-json\/wp\/v2\/types\/page"}],"author":[{"embeddable":true,"href":"https:\/\/mygymbarcelona.com\/es\/wp-json\/wp\/v2\/users\/1"}],"replies":[{"embeddable":true,"href":"https:\/\/mygymbarcelona.com\/es\/wp-json\/wp\/v2\/comments?post=68"}],"version-history":[{"count":3,"href":"https:\/\/mygymbarcelona.com\/es\/wp-json\/wp\/v2\/pages\/68\/revisions"}],"predecessor-version":[{"id":1263,"href":"https:\/\/mygymbarcelona.com\/es\/wp-json\/wp\/v2\/pages\/68\/revisions\/1263"}],"wp:attachment":[{"href":"https:\/\/mygymbarcelona.com\/es\/wp-json\/wp\/v2\/media?parent=68"}],"curies":[{"name":"wp","href":"https:\/\/api.w.org\/{rel}","templated":true}]}}