{"id":204,"date":"2023-10-25T02:34:23","date_gmt":"2023-10-24T23:34:23","guid":{"rendered":"http:\/\/dev-mygymbarcelona.local\/es\/?page_id=204"},"modified":"2024-12-09T22:55:27","modified_gmt":"2024-12-09T19:55:27","slug":"instruccions-de-seguretat","status":"publish","type":"page","link":"https:\/\/mygymbarcelona.com\/es\/instruccions-de-seguretat\/","title":{"rendered":"Instrucciones de seguridad"},"content":{"rendered":"\n<p>1.REQUISITOS GENERALES DE SEGURIDAD<\/p>\n\n\n\n<p>1.1. Se permite el entrenamiento:<\/p>\n\n\n\n<ul class=\"wp-block-list\">\n<li>ni\u00f1os menores de 3 a\u00f1os que no tengan contraindicaciones m\u00e9dicas para actividades deportivas, acompa\u00f1ados por uno de los padres;<\/li>\n\n\n\n<li>ni\u00f1os de 3 a\u00f1os a 18 a\u00f1os que no tengan contraindicaciones m\u00e9dicas para actividades deportivas, con el permiso de uno de los padres;<\/li>\n\n\n\n<li>personas mayores de 18 a\u00f1os que no tengan contraindicaciones m\u00e9dicas para realizar actividades deportivas;<\/li>\n\n\n\n<li>vestidas debidamente con ropa deportiva adecuada para el tipo de actividad f\u00edsica.<\/li>\n<\/ul>\n\n\n\n<p>1.2. No se permite entrenamiento:<\/p>\n\n\n\n<ul class=\"wp-block-list\">\n<li>A personas que se encuentran bajo los efectos del alcohol u otra substancia t\u00f3xica.<\/li>\n<\/ul>\n\n\n\n<p>1.3. Los estudiantes asisten a clases grupales exclusivamente para grupos de edad. Los grupos de edad mayores (m\u00e1s j\u00f3venes) no pueden visitar.<br>1.4. Se requiere que los estudiantes cumplan con los est\u00e1ndares de seguridad contra incendios, para conocer la ubicaci\u00f3n de los medios principales de extinci\u00f3n de incendios.<br>1.5. Los estudiantes deben conocer la ubicaci\u00f3n del botiqu\u00edn de primeros auxilios y poder proporcionar primeros auxilios.<br>1.6. La v\u00edctima o un testigo presencial deben informar inmediatamente al entrenador de cada accidente.<br>1.7. Los estudiantes tienen prohibido acceder al gimnasio por su cuenta sin el permiso expreso del entrenador que ense\u00f1a en el gimnasio y mucho menos usar los materiales y los equipos disponibles.que ense\u00f1a en el gimnasio, se acerca al equipo y al inventario disponible en el gimnasio, us\u00e1ndolo.<br>1.8. La personas que cometan una infracci\u00f3n o violen estas normas ser\u00e1n obligadas a abandonar el recinto de entreno.<br>1.9. Los padres no tienen permiso para acceder al recinto de entreno, expecto los padres de ni\u00f1os menores de 3 a\u00f1os.<\/p>\n\n\n\n<p>2. Requisitos de seguridad antes de comenzar el entrenamiento:<\/p>\n\n\n\n<p>2.1. Estudie bien el contenido de esta norma.<br>2.2. Antes de comenzar un entrenamiento, p\u00f3ngase un uniforme deportivo; qu\u00edtese relojes, cadenas, anillos, pulseras, pendientes, agujas afiladas y otros objetos extra\u00f1os.<br>2.3. Est\u00e1 prohibido ingresar al gimnasio con chicles, dulces y otros productos comestibles.<br>2.4. Acceda al recinto de entrenamiento siempre con el permiso del entrenador que le imparte las clases en el gimnasio.<br>2.5. Est\u00e1 prohibido comenzar las clases inmediatamente despu\u00e9s del almuerzo.<br>2.6. Est\u00e1 prohibido ingresar al gimnasio sin el permiso del entrenador y comenzar las clases por su cuenta.<\/p>\n\n\n\n<p>3. Requisitos de seguridad durante el entrenamiento<\/p>\n\n\n\n<p>3.1. Durante el entrenamiento, el aprendiz debe de seguir las siguientes normas:<br>Siga estas instrucciones:<\/p>\n\n\n\n<ul class=\"wp-block-list\">\n<li>Seguir estrictamente todas las instrucciones del entrenador que dirige las clases;<\/li>\n\n\n\n<li>Al hacer ejercicios en fila (uno detr\u00e1s del otro), mantenga espacio suficiente para evitar los choques;<\/li>\n\n\n\n<li>Utilice el material deportivo s\u00f3lo con el permiso y bajo la supervisi\u00f3n del entrenador que dirige las clases;<\/li>\n\n\n\n<li>Realice los ejercicios con el material deportivo s\u00f3lo en presencia de su entrenador y bajo su supervisi\u00f3n;<br>Los estudiantes est\u00e1n prohibidos:<\/li>\n\n\n\n<li>Estar cerca de otros estudiantes que hacen ejercicios;<\/li>\n\n\n\n<li>Gritar, usar lenguaje obsceno, hablar en voz alta y distraer a los dem\u00e1s durante los ejercicios; el entrenador conduce las clases;<\/li>\n\n\n\n<li>Use equipo deportivo y equipo que no sea para el prop\u00f3sito previsto;<\/li>\n\n\n\n<li>Realizar desmontaje, montaje y reparaciones independientes de equipos y accesorios deportivos;<\/li>\n\n\n\n<li>Traer material al gimnasio o llevarse del gimnasio sin el permiso del entrenador.<\/li>\n<\/ul>\n\n\n\n<p>4. Requisitos de seguridad en situaciones de emergencia:<\/p>\n\n\n\n<p>4.1. Si hay dolor en las articulaciones, m\u00fasculos, sangrado durante las clases, as\u00ed como si no se siente bien, detenga las clases e informe al entrenador y al administrador del gimnasio.<br>4.2. En caso de emergencia (aparici\u00f3n de olores extra\u00f1os, humo, fuego, etc..), informe inmediatamente al entrenador y a la administraci\u00f3n del centro deportivo y act\u00fae seg\u00fan las normas del gimnasio.<br>4.3. En caso de lesi\u00f3n, informe al entrenador y al administrador del gimnasio.<br>4.4. Si es necesario y posible ayudar al entrenador o al administrador del gimnasio, brinde primeros auxilios a la v\u00edctima.<\/p>\n\n\n\n<p>5. REQUISITOS DE SEGURIDAD AL FINAL DE LAS CLASES<\/p>\n\n\n\n<p>5.1. Deja en orden la sala de entrenamiento y aband\u00f3nela de manera ordenada.<\/p>\n","protected":false},"excerpt":{"rendered":"<p>1.REQUISITOS GENERALES DE SEGURIDAD 1.1. Se permite el entrenamiento: 1.2. No se permite entrenamiento: 1.3. Los estudiantes asisten a clases grupales exclusivamente para grupos de edad. Los grupos de edad mayores (m\u00e1s j\u00f3venes) no pueden visitar.1.4. Se requiere que los estudiantes cumplan con los est\u00e1ndares de seguridad contra incendios, para conocer la ubicaci\u00f3n de los [&hellip;]<\/p>\n","protected":false},"author":1,"featured_media":0,"parent":0,"menu_order":0,"comment_status":"closed","ping_status":"closed","template":"","meta":{"footnotes":""},"class_list":["post-204","page","type-page","status-publish","hentry"],"yoast_head":"<!-- This site is optimized with the Yoast SEO plugin v27.2 - https:\/\/yoast.com\/product\/yoast-seo-wordpress\/ -->\n<title>Instrucciones de seguridad el centro de gimnasia infantil MyGym Barcelona<\/title>\n<meta name=\"description\" content=\"Instrucciones de seguridad en nuestro centro de gimnasia infantil MyGym Barcelona. Normas a conocer y seguir antes, durante y despu\u00e9s del entrenamiento para disfrutar al m\u00e1ximo de las clases.\" \/>\n<meta name=\"robots\" content=\"index, follow, max-snippet:-1, max-image-preview:large, max-video-preview:-1\" \/>\n<link rel=\"canonical\" href=\"https:\/\/mygymbarcelona.com\/es\/instruccions-de-seguretat\/\" \/>\n<meta property=\"og:type\" content=\"article\" \/>\n<meta property=\"og:title\" content=\"Instrucciones de seguridad el centro de gimnasia infantil MyGym Barcelona\" \/>\n<meta property=\"og:description\" content=\"Instrucciones de seguridad en nuestro centro de gimnasia infantil MyGym Barcelona. Normas a conocer y seguir antes, durante y despu\u00e9s del entrenamiento para disfrutar al m\u00e1ximo de las clases.\" \/>\n<meta property=\"og:url\" content=\"https:\/\/mygymbarcelona.com\/es\/instruccions-de-seguretat\/\" \/>\n<meta property=\"og:site_name\" content=\"MyGym Barcelona (es)\" \/>\n<meta property=\"article:modified_time\" content=\"2024-12-09T19:55:27+00:00\" \/>\n<meta property=\"og:image\" content=\"https:\/\/mygymbarcelona.com\/es\/wp-content\/uploads\/sites\/4\/2024\/12\/mygym_1200x675.jpg\" \/>\n\t<meta property=\"og:image:width\" content=\"1200\" \/>\n\t<meta property=\"og:image:height\" content=\"675\" \/>\n\t<meta property=\"og:image:type\" content=\"image\/jpeg\" \/>\n<meta name=\"twitter:card\" content=\"summary_large_image\" \/>\n<meta name=\"twitter:label1\" content=\"\u041f\u0440\u0438\u043c\u0435\u0440\u043d\u043e\u0435 \u0432\u0440\u0435\u043c\u044f \u0434\u043b\u044f \u0447\u0442\u0435\u043d\u0438\u044f\" \/>\n\t<meta name=\"twitter:data1\" content=\"4 \u043c\u0438\u043d\u0443\u0442\u044b\" \/>\n<script type=\"application\/ld+json\" class=\"yoast-schema-graph\">{\"@context\":\"https:\/\/schema.org\",\"@graph\":[{\"@type\":\"WebPage\",\"@id\":\"https:\/\/mygymbarcelona.com\/es\/instruccions-de-seguretat\/\",\"url\":\"https:\/\/mygymbarcelona.com\/es\/instruccions-de-seguretat\/\",\"name\":\"Instrucciones de seguridad el centro de gimnasia infantil MyGym Barcelona\",\"isPartOf\":{\"@id\":\"https:\/\/mygymbarcelona.com\/es\/#website\"},\"datePublished\":\"2023-10-24T23:34:23+00:00\",\"dateModified\":\"2024-12-09T19:55:27+00:00\",\"description\":\"Instrucciones de seguridad en nuestro centro de gimnasia infantil MyGym Barcelona. Normas a conocer y seguir antes, durante y despu\u00e9s del entrenamiento para disfrutar al m\u00e1ximo de las clases.\",\"breadcrumb\":{\"@id\":\"https:\/\/mygymbarcelona.com\/es\/instruccions-de-seguretat\/#breadcrumb\"},\"inLanguage\":\"ru-RU\",\"potentialAction\":[{\"@type\":\"ReadAction\",\"target\":[\"https:\/\/mygymbarcelona.com\/es\/instruccions-de-seguretat\/\"]}]},{\"@type\":\"BreadcrumbList\",\"@id\":\"https:\/\/mygymbarcelona.com\/es\/instruccions-de-seguretat\/#breadcrumb\",\"itemListElement\":[{\"@type\":\"ListItem\",\"position\":1,\"name\":\"\u0413\u043b\u0430\u0432\u043d\u0430\u044f \u0441\u0442\u0440\u0430\u043d\u0438\u0446\u0430\",\"item\":\"https:\/\/mygymbarcelona.com\/es\/\"},{\"@type\":\"ListItem\",\"position\":2,\"name\":\"Instrucciones de seguridad\"}]},{\"@type\":\"WebSite\",\"@id\":\"https:\/\/mygymbarcelona.com\/es\/#website\",\"url\":\"https:\/\/mygymbarcelona.com\/es\/\",\"name\":\"MyGym Barcelona\",\"description\":\"\",\"publisher\":{\"@id\":\"https:\/\/mygymbarcelona.com\/es\/#organization\"},\"alternateName\":\"MyGym\",\"potentialAction\":[{\"@type\":\"SearchAction\",\"target\":{\"@type\":\"EntryPoint\",\"urlTemplate\":\"https:\/\/mygymbarcelona.com\/es\/?s={search_term_string}\"},\"query-input\":{\"@type\":\"PropertyValueSpecification\",\"valueRequired\":true,\"valueName\":\"search_term_string\"}}],\"inLanguage\":\"ru-RU\"},{\"@type\":\"Organization\",\"@id\":\"https:\/\/mygymbarcelona.com\/es\/#organization\",\"name\":\"MyGym Barcelona\",\"url\":\"https:\/\/mygymbarcelona.com\/es\/\",\"logo\":{\"@type\":\"ImageObject\",\"inLanguage\":\"ru-RU\",\"@id\":\"https:\/\/mygymbarcelona.com\/es\/#\/schema\/logo\/image\/\",\"url\":\"https:\/\/mygymbarcelona.com\/es\/wp-content\/uploads\/sites\/4\/2023\/10\/logo.png\",\"contentUrl\":\"https:\/\/mygymbarcelona.com\/es\/wp-content\/uploads\/sites\/4\/2023\/10\/logo.png\",\"width\":150,\"height\":146,\"caption\":\"MyGym Barcelona\"},\"image\":{\"@id\":\"https:\/\/mygymbarcelona.com\/es\/#\/schema\/logo\/image\/\"}}]}<\/script>\n<!-- \/ Yoast SEO plugin. -->","yoast_head_json":{"title":"Instrucciones de seguridad el centro de gimnasia infantil MyGym Barcelona","description":"Instrucciones de seguridad en nuestro centro de gimnasia infantil MyGym Barcelona. Normas a conocer y seguir antes, durante y despu\u00e9s del entrenamiento para disfrutar al m\u00e1ximo de las clases.","robots":{"index":"index","follow":"follow","max-snippet":"max-snippet:-1","max-image-preview":"max-image-preview:large","max-video-preview":"max-video-preview:-1"},"canonical":"https:\/\/mygymbarcelona.com\/es\/instruccions-de-seguretat\/","og_type":"article","og_title":"Instrucciones de seguridad el centro de gimnasia infantil MyGym Barcelona","og_description":"Instrucciones de seguridad en nuestro centro de gimnasia infantil MyGym Barcelona. Normas a conocer y seguir antes, durante y despu\u00e9s del entrenamiento para disfrutar al m\u00e1ximo de las clases.","og_url":"https:\/\/mygymbarcelona.com\/es\/instruccions-de-seguretat\/","og_site_name":"MyGym Barcelona (es)","article_modified_time":"2024-12-09T19:55:27+00:00","og_image":[{"width":1200,"height":675,"url":"https:\/\/mygymbarcelona.com\/es\/wp-content\/uploads\/sites\/4\/2024\/12\/mygym_1200x675.jpg","type":"image\/jpeg"}],"twitter_card":"summary_large_image","twitter_misc":{"\u041f\u0440\u0438\u043c\u0435\u0440\u043d\u043e\u0435 \u0432\u0440\u0435\u043c\u044f \u0434\u043b\u044f \u0447\u0442\u0435\u043d\u0438\u044f":"4 \u043c\u0438\u043d\u0443\u0442\u044b"},"schema":{"@context":"https:\/\/schema.org","@graph":[{"@type":"WebPage","@id":"https:\/\/mygymbarcelona.com\/es\/instruccions-de-seguretat\/","url":"https:\/\/mygymbarcelona.com\/es\/instruccions-de-seguretat\/","name":"Instrucciones de seguridad el centro de gimnasia infantil MyGym Barcelona","isPartOf":{"@id":"https:\/\/mygymbarcelona.com\/es\/#website"},"datePublished":"2023-10-24T23:34:23+00:00","dateModified":"2024-12-09T19:55:27+00:00","description":"Instrucciones de seguridad en nuestro centro de gimnasia infantil MyGym Barcelona. Normas a conocer y seguir antes, durante y despu\u00e9s del entrenamiento para disfrutar al m\u00e1ximo de las clases.","breadcrumb":{"@id":"https:\/\/mygymbarcelona.com\/es\/instruccions-de-seguretat\/#breadcrumb"},"inLanguage":"ru-RU","potentialAction":[{"@type":"ReadAction","target":["https:\/\/mygymbarcelona.com\/es\/instruccions-de-seguretat\/"]}]},{"@type":"BreadcrumbList","@id":"https:\/\/mygymbarcelona.com\/es\/instruccions-de-seguretat\/#breadcrumb","itemListElement":[{"@type":"ListItem","position":1,"name":"\u0413\u043b\u0430\u0432\u043d\u0430\u044f \u0441\u0442\u0440\u0430\u043d\u0438\u0446\u0430","item":"https:\/\/mygymbarcelona.com\/es\/"},{"@type":"ListItem","position":2,"name":"Instrucciones de seguridad"}]},{"@type":"WebSite","@id":"https:\/\/mygymbarcelona.com\/es\/#website","url":"https:\/\/mygymbarcelona.com\/es\/","name":"MyGym Barcelona","description":"","publisher":{"@id":"https:\/\/mygymbarcelona.com\/es\/#organization"},"alternateName":"MyGym","potentialAction":[{"@type":"SearchAction","target":{"@type":"EntryPoint","urlTemplate":"https:\/\/mygymbarcelona.com\/es\/?s={search_term_string}"},"query-input":{"@type":"PropertyValueSpecification","valueRequired":true,"valueName":"search_term_string"}}],"inLanguage":"ru-RU"},{"@type":"Organization","@id":"https:\/\/mygymbarcelona.com\/es\/#organization","name":"MyGym Barcelona","url":"https:\/\/mygymbarcelona.com\/es\/","logo":{"@type":"ImageObject","inLanguage":"ru-RU","@id":"https:\/\/mygymbarcelona.com\/es\/#\/schema\/logo\/image\/","url":"https:\/\/mygymbarcelona.com\/es\/wp-content\/uploads\/sites\/4\/2023\/10\/logo.png","contentUrl":"https:\/\/mygymbarcelona.com\/es\/wp-content\/uploads\/sites\/4\/2023\/10\/logo.png","width":150,"height":146,"caption":"MyGym Barcelona"},"image":{"@id":"https:\/\/mygymbarcelona.com\/es\/#\/schema\/logo\/image\/"}}]}},"_links":{"self":[{"href":"https:\/\/mygymbarcelona.com\/es\/wp-json\/wp\/v2\/pages\/204","targetHints":{"allow":["GET"]}}],"collection":[{"href":"https:\/\/mygymbarcelona.com\/es\/wp-json\/wp\/v2\/pages"}],"about":[{"href":"https:\/\/mygymbarcelona.com\/es\/wp-json\/wp\/v2\/types\/page"}],"author":[{"embeddable":true,"href":"https:\/\/mygymbarcelona.com\/es\/wp-json\/wp\/v2\/users\/1"}],"replies":[{"embeddable":true,"href":"https:\/\/mygymbarcelona.com\/es\/wp-json\/wp\/v2\/comments?post=204"}],"version-history":[{"count":5,"href":"https:\/\/mygymbarcelona.com\/es\/wp-json\/wp\/v2\/pages\/204\/revisions"}],"predecessor-version":[{"id":1032,"href":"https:\/\/mygymbarcelona.com\/es\/wp-json\/wp\/v2\/pages\/204\/revisions\/1032"}],"wp:attachment":[{"href":"https:\/\/mygymbarcelona.com\/es\/wp-json\/wp\/v2\/media?parent=204"}],"curies":[{"name":"wp","href":"https:\/\/api.w.org\/{rel}","templated":true}]}}