{"id":143,"date":"2023-10-24T00:38:12","date_gmt":"2023-10-23T21:38:12","guid":{"rendered":"http:\/\/dev-mygymbarcelona.local\/es\/?page_id=143"},"modified":"2025-06-20T14:48:06","modified_gmt":"2025-06-20T11:48:06","slug":"ressenyes","status":"publish","type":"page","link":"https:\/\/mygymbarcelona.com\/es\/ressenyes\/","title":{"rendered":"Rese\u00f1as"},"content":{"rendered":"<div class=\"wp-gr rpi wpac\" data-id=\"1036\" data-layout=\"grid\" data-exec=\"false\" data-options='{&quot;text_size&quot;:&quot;&quot;,&quot;trans&quot;:{&quot;read more&quot;:&quot;\\u043f\\u043e\\u0434\\u0440\\u043e\\u0431\\u043d\\u0435\\u0435&quot;}}'><svg xmlns=\"http:\/\/www.w3.org\/2000\/svg\" style=\"display:none!important\"><symbol id=\"grw-tripadvisor\" viewBox=\"0 0 713.496 713.496\"><g><circle fill=\"#34E0A1\" cx=\"356.749\" cy=\"356.748\" r=\"356.748\"\/><path d=\"M577.095,287.152l43.049-46.836h-95.465c-47.792-32.646-105.51-51.659-167.931-51.659   c-62.342,0-119.899,19.054-167.612,51.659H93.432l43.049,46.836c-26.387,24.075-42.929,58.754-42.929,97.259   c0,72.665,58.914,131.578,131.579,131.578c34.519,0,65.968-13.313,89.446-35.077l42.172,45.919l42.172-45.879   c23.478,21.764,54.887,35.037,89.406,35.037c72.665,0,131.658-58.913,131.658-131.578   C620.024,345.866,603.483,311.188,577.095,287.152z M225.17,473.458c-49.188,0-89.047-39.859-89.047-89.047   s39.86-89.048,89.047-89.048c49.187,0,89.047,39.86,89.047,89.048S274.357,473.458,225.17,473.458z M356.788,381.82   c0-58.595-42.61-108.898-98.853-130.383c30.413-12.716,63.776-19.771,98.813-19.771s68.439,7.055,98.853,19.771   C399.399,272.962,356.788,323.226,356.788,381.82z M488.367,473.458c-49.188,0-89.048-39.859-89.048-89.047   s39.86-89.048,89.048-89.048s89.047,39.86,89.047,89.048S537.554,473.458,488.367,473.458z M488.367,337.694   c-25.79,0-46.677,20.887-46.677,46.677c0,25.789,20.887,46.676,46.677,46.676c25.789,0,46.676-20.887,46.676-46.676   C535.042,358.621,514.156,337.694,488.367,337.694z M271.846,384.411c0,25.789-20.887,46.676-46.676,46.676   s-46.676-20.887-46.676-46.676c0-25.79,20.887-46.677,46.676-46.677C250.959,337.694,271.846,358.621,271.846,384.411z\"\/><\/g><\/symbol><symbol id=\"grw-google\" viewBox=\"0 0 512 512\"><g fill=\"none\" fill-rule=\"evenodd\"><path d=\"M482.56 261.36c0-16.73-1.5-32.83-4.29-48.27H256v91.29h127.01c-5.47 29.5-22.1 54.49-47.09 71.23v59.21h76.27c44.63-41.09 70.37-101.59 70.37-173.46z\" fill=\"#4285f4\"\/><path d=\"M256 492c63.72 0 117.14-21.13 156.19-57.18l-76.27-59.21c-21.13 14.16-48.17 22.53-79.92 22.53-61.47 0-113.49-41.51-132.05-97.3H45.1v61.15c38.83 77.13 118.64 130.01 210.9 130.01z\" fill=\"#34a853\"\/><path d=\"M123.95 300.84c-4.72-14.16-7.4-29.29-7.4-44.84s2.68-30.68 7.4-44.84V150.01H45.1C29.12 181.87 20 217.92 20 256c0 38.08 9.12 74.13 25.1 105.99l78.85-61.15z\" fill=\"#fbbc05\"\/><path d=\"M256 113.86c34.65 0 65.76 11.91 90.22 35.29l67.69-67.69C373.03 43.39 319.61 20 256 20c-92.25 0-172.07 52.89-210.9 130.01l78.85 61.15c18.56-55.78 70.59-97.3 132.05-97.3z\" fill=\"#ea4335\"\/><path d=\"M20 20h472v472H20V20z\"\/><\/g><\/symbol><\/svg><div class=\"grw-header\"><div class=\"grw-header-inner rpi-flx rpi-row12\"><div class=\"grw-img-wrap\"><img decoding=\"async\" class=\"grw-img\" src=\"https:\/\/lh3.googleusercontent.com\/places\/ANXAkqHOMsw3cvUKZQcWnLZKTtYjQsXe2Kns6NqklaWTW45JGzpHwfvVItaylCIjBXqjs9TP0kBHxNNEajY9RyZCZRVKOu74GyD3ogM=s1600-w300-h300\" loading=\"lazy\" alt=\"MyGym Barcelona place picture\" width=\"50\" height=\"50\" onerror=\"if(this.src!='data:image\/gif;base64,R0lGODlhAQABAIAAAAAAAP\/\/\/yH5BAEAAAAALAAAAAABAAEAAAIBRAA7')this.src='data:image\/gif;base64,R0lGODlhAQABAIAAAAAAAP\/\/\/yH5BAEAAAAALAAAAAABAAEAAAIBRAA7';\" ><\/div><div class=\"rpi-flx rpi-col8\"><div class=\"wp-google-name\"><a href=\"https:\/\/maps.google.com\/?cid=13330591426481754243\" target=\"_blank\" rel=\"nofollow noopener\">MyGym Barcelona<\/a><\/div><span class=\"rpi-stars\" style=\"--rating:4.9\">4.9<\/span><div class=\"wp-google-based\">\u041e\u0441\u043d\u043e\u0432\u044b\u0432\u0430\u044f\u0441\u044c \u043d\u0430 33 \u043e\u0442\u0437\u044b\u0432\u0430\u0445<\/div><div class=\"wp-google-powered\">powered by <span><span style=\"color:#3c6df0!important\">G<\/span><span style=\"color:#d93025!important\">o<\/span><span style=\"color:#fb8e28!important\">o<\/span><span style=\"color:#3c6df0!important\">g<\/span><span style=\"color:#188038!important\">l<\/span><span style=\"color:#d93025!important\">e<\/span><\/span><\/div><div class=\"wp-google-wr\"><a href=\"https:\/\/search.google.com\/local\/writereview?placeid=ChIJDzuE_bejpBIRgxBQHUbG_7g\" target=\"_blank\" rel=\"nofollow noopener\" onclick=\"return rplg_leave_review_window.call(this)\">\u043e\u0441\u0442\u0430\u0432\u0438\u0442\u044c \u043e\u0442\u0437\u044b\u0432 \u043e \u043d\u0430\u0441 \u043d\u0430<svg height=\"16\" width=\"16\" role=\"none\"><use href=\"#grw-google\"><\/use><\/svg><\/a><\/div><\/div><\/div><\/div><div class=\"grw-row grw-row-m\" data-options='{\"breakpoints\":\"\"}'><div class=\"grw-content\"><div class=\"grw-content-inner\"><div class=\"grw-reviews\"><div class=\"rpi-slide grw-review\"><div class=\"rpi-flx rpi-col12 grw-review-inner grw-backgnd\"><div class=\"rpi-flx rpi-row12-center\"><div class=\"grw-img-wrap\"><img decoding=\"async\" class=\"grw-img\" src=\"https:\/\/lh3.googleusercontent.com\/a-\/ALV-UjXlqEdOCPDKA0odej8MH7XT53eBhMIcPdt_BgjHLxWJHFG3-XUH=s128-c0x00000000-cc-rp-mo-ba4\" loading=\"lazy\" alt=\"Daria Iemelianova profile picture\" width=\"50\" height=\"50\" onerror=\"if(this.src!='https:\/\/mygymbarcelona.com\/es\/wp-content\/plugins\/widget-google-reviews\/assets\/img\/guest.png')this.src='https:\/\/mygymbarcelona.com\/es\/wp-content\/plugins\/widget-google-reviews\/assets\/img\/guest.png';\" ><\/div><div class=\"rpi-flx rpi-col6\"><a href=\"https:\/\/www.google.com\/maps\/contrib\/102972756905204901225\/reviews\" class=\"wp-google-name\" target=\"_blank\" rel=\"nofollow noopener\">Daria Iemelianova<\/a><div class=\"wp-google-time\" data-time=\"1731001696\">17:48 07 Nov 24<\/div><\/div><\/div><span class=\"rpi-stars\" style=\"--rating:5\"><\/span><div class=\"rpi-flx rpi-col4\"><div class=\"wp-google-feedback grw-scroll\" ><span class=\"wp-google-text\">Excelente gimnasio, entrenadores profesionales, una hora de entrenamiento completo &#x1f44d;&#x1f3fc;&#x1f938;&#x200d;&#x2640;&#xfe0f;Todo el equipamiento est\u00e1 en buena condici\u00f3n. La administradora es muy amable y atenta. Una buena ventaja para los ni\u00f1os son los cuadernos donde recogen pegatinas y luego reciben regalos, y al final de cada clase les esperan dulces en la recepci\u00f3n. A mi hija le gusta ir a clases. Gracias!<\/span><\/div><\/div><svg height=\"16\" width=\"16\" role=\"none\"><use href=\"#grw-google\"\/><\/svg><\/div><\/div><div class=\"rpi-slide grw-review\"><div class=\"rpi-flx rpi-col12 grw-review-inner grw-backgnd\"><div class=\"rpi-flx rpi-row12-center\"><div class=\"grw-img-wrap\"><img decoding=\"async\" class=\"grw-img\" src=\"https:\/\/lh3.googleusercontent.com\/a-\/ALV-UjVoeGE9wif3DIEgtsJNoI5SVeG-RShflB165iNV6ohkTv7f5j8=s128-c0x00000000-cc-rp-mo\" loading=\"lazy\" alt=\"natalie tsvirko profile picture\" width=\"50\" height=\"50\" onerror=\"if(this.src!='https:\/\/mygymbarcelona.com\/es\/wp-content\/plugins\/widget-google-reviews\/assets\/img\/guest.png')this.src='https:\/\/mygymbarcelona.com\/es\/wp-content\/plugins\/widget-google-reviews\/assets\/img\/guest.png';\" ><\/div><div class=\"rpi-flx rpi-col6\"><a href=\"https:\/\/www.google.com\/maps\/contrib\/105532546846955998748\/reviews\" class=\"wp-google-name\" target=\"_blank\" rel=\"nofollow noopener\">natalie tsvirko<\/a><div class=\"wp-google-time\" data-time=\"1727117836\">18:57 23 Sep 24<\/div><\/div><\/div><span class=\"rpi-stars\" style=\"--rating:5\"><\/span><div class=\"rpi-flx rpi-col4\"><div class=\"wp-google-feedback grw-scroll\" ><\/div><\/div><svg height=\"16\" width=\"16\" role=\"none\"><use href=\"#grw-google\"\/><\/svg><\/div><\/div><div class=\"rpi-slide grw-review\"><div class=\"rpi-flx rpi-col12 grw-review-inner grw-backgnd\"><div class=\"rpi-flx rpi-row12-center\"><div class=\"grw-img-wrap\"><img decoding=\"async\" class=\"grw-img\" src=\"https:\/\/lh3.googleusercontent.com\/a\/ACg8ocKXLsaw_mvJcJKUzdeH9lLkEmfmUFMUHx_LtHuYkrFpWQXAQA=s128-c0x00000000-cc-rp-mo-ba4\" loading=\"lazy\" alt=\"Angela Sayers profile picture\" width=\"50\" height=\"50\" onerror=\"if(this.src!='https:\/\/mygymbarcelona.com\/es\/wp-content\/plugins\/widget-google-reviews\/assets\/img\/guest.png')this.src='https:\/\/mygymbarcelona.com\/es\/wp-content\/plugins\/widget-google-reviews\/assets\/img\/guest.png';\" ><\/div><div class=\"rpi-flx rpi-col6\"><a href=\"https:\/\/www.google.com\/maps\/contrib\/111186776890533054030\/reviews\" class=\"wp-google-name\" target=\"_blank\" rel=\"nofollow noopener\">Angela Sayers<\/a><div class=\"wp-google-time\" data-time=\"1726148572\">13:42 12 Sep 24<\/div><\/div><\/div><span class=\"rpi-stars\" style=\"--rating:5\"><\/span><div class=\"rpi-flx rpi-col4\"><div class=\"wp-google-feedback grw-scroll\" ><span class=\"wp-google-text\">A mi nieta que tiene 3 a\u00f1os le encant\u00f3.<\/span><\/div><\/div><svg height=\"16\" width=\"16\" role=\"none\"><use href=\"#grw-google\"\/><\/svg><\/div><\/div><div class=\"rpi-slide grw-review\"><div class=\"rpi-flx rpi-col12 grw-review-inner grw-backgnd\"><div class=\"rpi-flx rpi-row12-center\"><div class=\"grw-img-wrap\"><img decoding=\"async\" class=\"grw-img\" src=\"https:\/\/lh3.googleusercontent.com\/a-\/ALV-UjX4Vn1YQmLop6UZt16xsfAHx7ncouUmOIO7pEKC4HfnfAvX1qI=s128-c0x00000000-cc-rp-mo\" loading=\"lazy\" alt=\"Eduardo R. Golding profile picture\" width=\"50\" height=\"50\" onerror=\"if(this.src!='https:\/\/mygymbarcelona.com\/es\/wp-content\/plugins\/widget-google-reviews\/assets\/img\/guest.png')this.src='https:\/\/mygymbarcelona.com\/es\/wp-content\/plugins\/widget-google-reviews\/assets\/img\/guest.png';\" ><\/div><div class=\"rpi-flx rpi-col6\"><a href=\"https:\/\/www.google.com\/maps\/contrib\/111511617131298371851\/reviews\" class=\"wp-google-name\" target=\"_blank\" rel=\"nofollow noopener\">Eduardo R. Golding<\/a><div class=\"wp-google-time\" data-time=\"1725904261\">17:51 09 Sep 24<\/div><\/div><\/div><span class=\"rpi-stars\" style=\"--rating:5\"><\/span><div class=\"rpi-flx rpi-col4\"><div class=\"wp-google-feedback grw-scroll\" ><span class=\"wp-google-text\">Excelente lugar para el desarrollo infantil.<br \/><br \/>Mi hijo ha estado asistiendo a MyGym Barcelona por meses y estamos encantados con los resultados. Los entrenadores son muy atentos, y realmente saben c\u00f3mo hacer que los ni\u00f1os se sientan c\u00f3modos mientras aprenden habilidades nuevas. El ambiente es muy seguro y adecuado para ni\u00f1os peque\u00f1os, con actividades divertidas que fomentan la actividad f\u00edsica y la confianza. Adem\u00e1s, las clases est\u00e1n muy bien organizadas por edades, lo que permite un enfoque individualizado. \u00a1Totalmente recomendable para quienes buscan una experiencia de gimnasia l\u00fadica y educativa para sus hijos!<\/span><\/div><\/div><svg height=\"16\" width=\"16\" role=\"none\"><use href=\"#grw-google\"\/><\/svg><\/div><\/div><div class=\"rpi-slide grw-review\"><div class=\"rpi-flx rpi-col12 grw-review-inner grw-backgnd\"><div class=\"rpi-flx rpi-row12-center\"><div class=\"grw-img-wrap\"><img decoding=\"async\" class=\"grw-img\" src=\"https:\/\/lh3.googleusercontent.com\/a-\/ALV-UjU0cle6d953sg-AtuIrGbCyAv8KF2VA0OEE-pbmPzqELZQXA--CXw=s128-c0x00000000-cc-rp-mo\" loading=\"lazy\" alt=\"ligia bacciadonne profile picture\" width=\"50\" height=\"50\" onerror=\"if(this.src!='https:\/\/mygymbarcelona.com\/es\/wp-content\/plugins\/widget-google-reviews\/assets\/img\/guest.png')this.src='https:\/\/mygymbarcelona.com\/es\/wp-content\/plugins\/widget-google-reviews\/assets\/img\/guest.png';\" ><\/div><div class=\"rpi-flx rpi-col6\"><a href=\"https:\/\/www.google.com\/maps\/contrib\/111811671568577040526\/reviews\" class=\"wp-google-name\" target=\"_blank\" rel=\"nofollow noopener\">ligia bacciadonne<\/a><div class=\"wp-google-time\" data-time=\"1724433747\">17:22 23 Aug 24<\/div><\/div><\/div><span class=\"rpi-stars\" style=\"--rating:5\"><\/span><div class=\"rpi-flx rpi-col4\"><div class=\"wp-google-feedback grw-scroll\" ><span class=\"wp-google-text\">Hace unos meses mi hija comenz\u00f3 gimnasia, est\u00e1 muy contenta y nosotros tambi\u00e9n, tanto con los entrenadores como el personal del lugar<\/span><\/div><\/div><svg height=\"16\" width=\"16\" role=\"none\"><use href=\"#grw-google\"\/><\/svg><\/div><\/div><div class=\"rpi-slide grw-review\"><div class=\"rpi-flx rpi-col12 grw-review-inner grw-backgnd\"><div class=\"rpi-flx rpi-row12-center\"><div class=\"grw-img-wrap\"><img decoding=\"async\" class=\"grw-img\" src=\"https:\/\/lh3.googleusercontent.com\/a\/ACg8ocIDnoIqRpZl5u_mrYHPFarwRgm12ZigPC_yc66grTOxWYr3DA=s128-c0x00000000-cc-rp-mo\" loading=\"lazy\" alt=\"Diana Ubilava profile picture\" width=\"50\" height=\"50\" onerror=\"if(this.src!='https:\/\/mygymbarcelona.com\/es\/wp-content\/plugins\/widget-google-reviews\/assets\/img\/guest.png')this.src='https:\/\/mygymbarcelona.com\/es\/wp-content\/plugins\/widget-google-reviews\/assets\/img\/guest.png';\" ><\/div><div class=\"rpi-flx rpi-col6\"><a href=\"https:\/\/www.google.com\/maps\/contrib\/108291110984123830679\/reviews\" class=\"wp-google-name\" target=\"_blank\" rel=\"nofollow noopener\">Diana Ubilava<\/a><div class=\"wp-google-time\" data-time=\"1721238867\">17:54 17 Jul 24<\/div><\/div><\/div><span class=\"rpi-stars\" style=\"--rating:5\"><\/span><div class=\"rpi-flx rpi-col4\"><div class=\"wp-google-feedback grw-scroll\" ><span class=\"wp-google-text\">Mi hija est\u00e1 encantada con la entrenadora Beatriz y siempre va con mucho gusto a sus clases. Estoy muy satisfecha con las classes de gimnasia. Los entrenamientos son de alto nivel, la recomiendo.<\/span><\/div><\/div><svg height=\"16\" width=\"16\" role=\"none\"><use href=\"#grw-google\"\/><\/svg><\/div><\/div><div class=\"rpi-slide grw-review\"><div class=\"rpi-flx rpi-col12 grw-review-inner grw-backgnd\"><div class=\"rpi-flx rpi-row12-center\"><div class=\"grw-img-wrap\"><img decoding=\"async\" class=\"grw-img\" src=\"https:\/\/lh3.googleusercontent.com\/a-\/ALV-UjX5FsLozmP-gnCHG-zu4PKiH1Px5LSllh27bhWuAa7IWM9LwmQD=s128-c0x00000000-cc-rp-mo\" loading=\"lazy\" alt=\"Eugenia Seleskerova profile picture\" width=\"50\" height=\"50\" onerror=\"if(this.src!='https:\/\/mygymbarcelona.com\/es\/wp-content\/plugins\/widget-google-reviews\/assets\/img\/guest.png')this.src='https:\/\/mygymbarcelona.com\/es\/wp-content\/plugins\/widget-google-reviews\/assets\/img\/guest.png';\" ><\/div><div class=\"rpi-flx rpi-col6\"><a href=\"https:\/\/www.google.com\/maps\/contrib\/118328975427822239075\/reviews\" class=\"wp-google-name\" target=\"_blank\" rel=\"nofollow noopener\">Eugenia Seleskerova<\/a><div class=\"wp-google-time\" data-time=\"1720600733\">08:38 10 Jul 24<\/div><\/div><\/div><span class=\"rpi-stars\" style=\"--rating:5\"><\/span><div class=\"rpi-flx rpi-col4\"><div class=\"wp-google-feedback grw-scroll\" ><span class=\"wp-google-text\">Conocimos MyGym en febrero de 2024 y decidimos probarlo. Desde entonces ya llevamos 6 meses asistiendo una vez por semana. Estamos muy contentos con las clases, el espacio y los materiales, as\u00ed como con la atenci\u00f3n personalizada que ofrece MyGym. Mi hijo de 4 a\u00f1os est\u00e1 feliz, se divierte mucho y siempre va muy animado a su clase &#x1f60a; \u00a1Lo recomendamos completamente!<\/span><\/div><\/div><svg height=\"16\" width=\"16\" role=\"none\"><use href=\"#grw-google\"\/><\/svg><\/div><\/div><div class=\"rpi-slide grw-review\"><div class=\"rpi-flx rpi-col12 grw-review-inner grw-backgnd\"><div class=\"rpi-flx rpi-row12-center\"><div class=\"grw-img-wrap\"><img decoding=\"async\" class=\"grw-img\" src=\"https:\/\/lh3.googleusercontent.com\/a\/ACg8ocK6px7u8QV0beme8GzAkB4iRLVYlOLUmu7KDGweBcpVSwpiJg=s128-c0x00000000-cc-rp-mo\" loading=\"lazy\" alt=\"Jessica Moya profile picture\" width=\"50\" height=\"50\" onerror=\"if(this.src!='https:\/\/mygymbarcelona.com\/es\/wp-content\/plugins\/widget-google-reviews\/assets\/img\/guest.png')this.src='https:\/\/mygymbarcelona.com\/es\/wp-content\/plugins\/widget-google-reviews\/assets\/img\/guest.png';\" ><\/div><div class=\"rpi-flx rpi-col6\"><a href=\"https:\/\/www.google.com\/maps\/contrib\/106660246588726045103\/reviews\" class=\"wp-google-name\" target=\"_blank\" rel=\"nofollow noopener\">Jessica Moya<\/a><div class=\"wp-google-time\" data-time=\"1716134709\">16:05 19 May 24<\/div><\/div><\/div><span class=\"rpi-stars\" style=\"--rating:5\"><\/span><div class=\"rpi-flx rpi-col4\"><div class=\"wp-google-feedback grw-scroll\" ><span class=\"wp-google-text\">Hemos hecho el cumplea\u00f1os de mi hijo de 4 a\u00f1os y se lo han pasado muy bien. Encantados con el entrenador, ha sabido sacar lo mejor de ellos con el juego.<br \/>El personal en todo momento ha estado atento previamente al cumplea\u00f1os, aclarando todas mis dudas. Totalmente recomendable.<br \/>Misma opini\u00f3n para tema clases.<\/span><\/div><\/div><svg height=\"16\" width=\"16\" role=\"none\"><use href=\"#grw-google\"\/><\/svg><\/div><\/div><\/div><\/div><\/div><\/div><script>(function(p){if(!p)return;let w=p.offsetWidth,m=function(a,b){return Math.min(a,b)===a};p.querySelector('.grw-row').classList.replace('grw-row-m','grw-row-'+(m(w,510)?'xs':m(w,750)?'x':m(w,1100)?'s':m(w,1450)?'m':m(w,1800)?'l':'xl'))})(document.currentScript?.parentElement)<\/script><\/div>\n","protected":false},"excerpt":{"rendered":"","protected":false},"author":1,"featured_media":0,"parent":0,"menu_order":0,"comment_status":"closed","ping_status":"closed","template":"","meta":{"footnotes":""},"class_list":["post-143","page","type-page","status-publish","hentry"],"yoast_head":"<!-- This site is optimized with the Yoast SEO plugin v27.2 - https:\/\/yoast.com\/product\/yoast-seo-wordpress\/ -->\n<title>Rese\u00f1as &#8212; MyGym Barcelona<\/title>\n<meta name=\"description\" content=\"A nuestros clientes les encantan las sesiones de gimnasia. Y a sus padres a\u00fan m\u00e1s. Podr\u00e1s ver todas las rese\u00f1as en el perfil de nuestra organizaci\u00f3n en Google Maps.\" \/>\n<meta name=\"robots\" content=\"index, follow, max-snippet:-1, max-image-preview:large, max-video-preview:-1\" \/>\n<link rel=\"canonical\" href=\"https:\/\/mygymbarcelona.com\/es\/ressenyes\/\" \/>\n<meta property=\"og:type\" content=\"article\" \/>\n<meta property=\"og:title\" content=\"Rese\u00f1as &#8212; MyGym Barcelona\" \/>\n<meta property=\"og:description\" content=\"A nuestros clientes les encantan las sesiones de gimnasia. Y a sus padres a\u00fan m\u00e1s. Podr\u00e1s ver todas las rese\u00f1as en el perfil de nuestra organizaci\u00f3n en Google Maps.\" \/>\n<meta property=\"og:url\" content=\"https:\/\/mygymbarcelona.com\/es\/ressenyes\/\" \/>\n<meta property=\"og:site_name\" content=\"MyGym Barcelona (es)\" \/>\n<meta property=\"article:modified_time\" content=\"2025-06-20T11:48:06+00:00\" \/>\n<meta property=\"og:image\" content=\"https:\/\/mygymbarcelona.com\/es\/wp-content\/uploads\/sites\/4\/2024\/12\/mygym_1200x675.jpg\" \/>\n\t<meta property=\"og:image:width\" content=\"1200\" \/>\n\t<meta property=\"og:image:height\" content=\"675\" \/>\n\t<meta property=\"og:image:type\" content=\"image\/jpeg\" \/>\n<meta name=\"twitter:card\" content=\"summary_large_image\" \/>\n<meta name=\"twitter:label1\" content=\"\u041f\u0440\u0438\u043c\u0435\u0440\u043d\u043e\u0435 \u0432\u0440\u0435\u043c\u044f \u0434\u043b\u044f \u0447\u0442\u0435\u043d\u0438\u044f\" \/>\n\t<meta name=\"twitter:data1\" content=\"1 \u043c\u0438\u043d\u0443\u0442\u0430\" \/>\n<script type=\"application\/ld+json\" class=\"yoast-schema-graph\">{\"@context\":\"https:\/\/schema.org\",\"@graph\":[{\"@type\":\"WebPage\",\"@id\":\"https:\/\/mygymbarcelona.com\/es\/ressenyes\/\",\"url\":\"https:\/\/mygymbarcelona.com\/es\/ressenyes\/\",\"name\":\"Rese\u00f1as &#8212; MyGym Barcelona\",\"isPartOf\":{\"@id\":\"https:\/\/mygymbarcelona.com\/es\/#website\"},\"datePublished\":\"2023-10-23T21:38:12+00:00\",\"dateModified\":\"2025-06-20T11:48:06+00:00\",\"description\":\"A nuestros clientes les encantan las sesiones de gimnasia. Y a sus padres a\u00fan m\u00e1s. Podr\u00e1s ver todas las rese\u00f1as en el perfil de nuestra organizaci\u00f3n en Google Maps.\",\"breadcrumb\":{\"@id\":\"https:\/\/mygymbarcelona.com\/es\/ressenyes\/#breadcrumb\"},\"inLanguage\":\"ru-RU\",\"potentialAction\":[{\"@type\":\"ReadAction\",\"target\":[\"https:\/\/mygymbarcelona.com\/es\/ressenyes\/\"]}]},{\"@type\":\"BreadcrumbList\",\"@id\":\"https:\/\/mygymbarcelona.com\/es\/ressenyes\/#breadcrumb\",\"itemListElement\":[{\"@type\":\"ListItem\",\"position\":1,\"name\":\"\u0413\u043b\u0430\u0432\u043d\u0430\u044f \u0441\u0442\u0440\u0430\u043d\u0438\u0446\u0430\",\"item\":\"https:\/\/mygymbarcelona.com\/es\/\"},{\"@type\":\"ListItem\",\"position\":2,\"name\":\"Rese\u00f1as\"}]},{\"@type\":\"WebSite\",\"@id\":\"https:\/\/mygymbarcelona.com\/es\/#website\",\"url\":\"https:\/\/mygymbarcelona.com\/es\/\",\"name\":\"MyGym Barcelona\",\"description\":\"\",\"publisher\":{\"@id\":\"https:\/\/mygymbarcelona.com\/es\/#organization\"},\"alternateName\":\"MyGym\",\"potentialAction\":[{\"@type\":\"SearchAction\",\"target\":{\"@type\":\"EntryPoint\",\"urlTemplate\":\"https:\/\/mygymbarcelona.com\/es\/?s={search_term_string}\"},\"query-input\":{\"@type\":\"PropertyValueSpecification\",\"valueRequired\":true,\"valueName\":\"search_term_string\"}}],\"inLanguage\":\"ru-RU\"},{\"@type\":\"Organization\",\"@id\":\"https:\/\/mygymbarcelona.com\/es\/#organization\",\"name\":\"MyGym Barcelona\",\"url\":\"https:\/\/mygymbarcelona.com\/es\/\",\"logo\":{\"@type\":\"ImageObject\",\"inLanguage\":\"ru-RU\",\"@id\":\"https:\/\/mygymbarcelona.com\/es\/#\/schema\/logo\/image\/\",\"url\":\"https:\/\/mygymbarcelona.com\/es\/wp-content\/uploads\/sites\/4\/2023\/10\/logo.png\",\"contentUrl\":\"https:\/\/mygymbarcelona.com\/es\/wp-content\/uploads\/sites\/4\/2023\/10\/logo.png\",\"width\":150,\"height\":146,\"caption\":\"MyGym Barcelona\"},\"image\":{\"@id\":\"https:\/\/mygymbarcelona.com\/es\/#\/schema\/logo\/image\/\"}}]}<\/script>\n<!-- \/ Yoast SEO plugin. -->","yoast_head_json":{"title":"Rese\u00f1as &#8212; MyGym Barcelona","description":"A nuestros clientes les encantan las sesiones de gimnasia. Y a sus padres a\u00fan m\u00e1s. Podr\u00e1s ver todas las rese\u00f1as en el perfil de nuestra organizaci\u00f3n en Google Maps.","robots":{"index":"index","follow":"follow","max-snippet":"max-snippet:-1","max-image-preview":"max-image-preview:large","max-video-preview":"max-video-preview:-1"},"canonical":"https:\/\/mygymbarcelona.com\/es\/ressenyes\/","og_type":"article","og_title":"Rese\u00f1as &#8212; MyGym Barcelona","og_description":"A nuestros clientes les encantan las sesiones de gimnasia. Y a sus padres a\u00fan m\u00e1s. Podr\u00e1s ver todas las rese\u00f1as en el perfil de nuestra organizaci\u00f3n en Google Maps.","og_url":"https:\/\/mygymbarcelona.com\/es\/ressenyes\/","og_site_name":"MyGym Barcelona (es)","article_modified_time":"2025-06-20T11:48:06+00:00","og_image":[{"width":1200,"height":675,"url":"https:\/\/mygymbarcelona.com\/es\/wp-content\/uploads\/sites\/4\/2024\/12\/mygym_1200x675.jpg","type":"image\/jpeg"}],"twitter_card":"summary_large_image","twitter_misc":{"\u041f\u0440\u0438\u043c\u0435\u0440\u043d\u043e\u0435 \u0432\u0440\u0435\u043c\u044f \u0434\u043b\u044f \u0447\u0442\u0435\u043d\u0438\u044f":"1 \u043c\u0438\u043d\u0443\u0442\u0430"},"schema":{"@context":"https:\/\/schema.org","@graph":[{"@type":"WebPage","@id":"https:\/\/mygymbarcelona.com\/es\/ressenyes\/","url":"https:\/\/mygymbarcelona.com\/es\/ressenyes\/","name":"Rese\u00f1as &#8212; MyGym Barcelona","isPartOf":{"@id":"https:\/\/mygymbarcelona.com\/es\/#website"},"datePublished":"2023-10-23T21:38:12+00:00","dateModified":"2025-06-20T11:48:06+00:00","description":"A nuestros clientes les encantan las sesiones de gimnasia. Y a sus padres a\u00fan m\u00e1s. Podr\u00e1s ver todas las rese\u00f1as en el perfil de nuestra organizaci\u00f3n en Google Maps.","breadcrumb":{"@id":"https:\/\/mygymbarcelona.com\/es\/ressenyes\/#breadcrumb"},"inLanguage":"ru-RU","potentialAction":[{"@type":"ReadAction","target":["https:\/\/mygymbarcelona.com\/es\/ressenyes\/"]}]},{"@type":"BreadcrumbList","@id":"https:\/\/mygymbarcelona.com\/es\/ressenyes\/#breadcrumb","itemListElement":[{"@type":"ListItem","position":1,"name":"\u0413\u043b\u0430\u0432\u043d\u0430\u044f \u0441\u0442\u0440\u0430\u043d\u0438\u0446\u0430","item":"https:\/\/mygymbarcelona.com\/es\/"},{"@type":"ListItem","position":2,"name":"Rese\u00f1as"}]},{"@type":"WebSite","@id":"https:\/\/mygymbarcelona.com\/es\/#website","url":"https:\/\/mygymbarcelona.com\/es\/","name":"MyGym Barcelona","description":"","publisher":{"@id":"https:\/\/mygymbarcelona.com\/es\/#organization"},"alternateName":"MyGym","potentialAction":[{"@type":"SearchAction","target":{"@type":"EntryPoint","urlTemplate":"https:\/\/mygymbarcelona.com\/es\/?s={search_term_string}"},"query-input":{"@type":"PropertyValueSpecification","valueRequired":true,"valueName":"search_term_string"}}],"inLanguage":"ru-RU"},{"@type":"Organization","@id":"https:\/\/mygymbarcelona.com\/es\/#organization","name":"MyGym Barcelona","url":"https:\/\/mygymbarcelona.com\/es\/","logo":{"@type":"ImageObject","inLanguage":"ru-RU","@id":"https:\/\/mygymbarcelona.com\/es\/#\/schema\/logo\/image\/","url":"https:\/\/mygymbarcelona.com\/es\/wp-content\/uploads\/sites\/4\/2023\/10\/logo.png","contentUrl":"https:\/\/mygymbarcelona.com\/es\/wp-content\/uploads\/sites\/4\/2023\/10\/logo.png","width":150,"height":146,"caption":"MyGym Barcelona"},"image":{"@id":"https:\/\/mygymbarcelona.com\/es\/#\/schema\/logo\/image\/"}}]}},"_links":{"self":[{"href":"https:\/\/mygymbarcelona.com\/es\/wp-json\/wp\/v2\/pages\/143","targetHints":{"allow":["GET"]}}],"collection":[{"href":"https:\/\/mygymbarcelona.com\/es\/wp-json\/wp\/v2\/pages"}],"about":[{"href":"https:\/\/mygymbarcelona.com\/es\/wp-json\/wp\/v2\/types\/page"}],"author":[{"embeddable":true,"href":"https:\/\/mygymbarcelona.com\/es\/wp-json\/wp\/v2\/users\/1"}],"replies":[{"embeddable":true,"href":"https:\/\/mygymbarcelona.com\/es\/wp-json\/wp\/v2\/comments?post=143"}],"version-history":[{"count":2,"href":"https:\/\/mygymbarcelona.com\/es\/wp-json\/wp\/v2\/pages\/143\/revisions"}],"predecessor-version":[{"id":1264,"href":"https:\/\/mygymbarcelona.com\/es\/wp-json\/wp\/v2\/pages\/143\/revisions\/1264"}],"wp:attachment":[{"href":"https:\/\/mygymbarcelona.com\/es\/wp-json\/wp\/v2\/media?parent=143"}],"curies":[{"name":"wp","href":"https:\/\/api.w.org\/{rel}","templated":true}]}}